{"id":34990,"date":"2024-04-12T11:43:35","date_gmt":"2024-04-12T09:43:35","guid":{"rendered":"https:\/\/www.ukracademia.com\/?post_type=product&#038;p=34990"},"modified":"2026-02-25T12:08:25","modified_gmt":"2026-02-25T11:08:25","slug":"lerne-1000-ukrainische-woerter-bildwoerterbuch-ebook","status":"publish","type":"product","link":"https:\/\/www.ukracademia.com\/de\/product\/lerne-1000-ukrainische-woerter-bildwoerterbuch-ebook\/","title":{"rendered":"Lerne 1000 ukrainische W\u00f6rter: Interaktives Bildw\u00f6rterbuch (Ebook)"},"content":{"rendered":"<div class=\"container-fluid\">\r\n   <div class=\"row\">\r\n      <div class=\"col-xs-12\">\r\n         <h2>Hier kannst du einen Auszug aus dem W\u00f6rterbuch lesen und h\u00f6ren:<\/h2>\r\n      <\/div>\r\n   <\/div>\r\n   <div class=\"row\">\r\n      <div class=\"col-lg-6 col-md-6 col-sm-6 col-xs-12\">\r\n         <p>Auszug aus dem W\u00f6rtertbuch h\u00f6ren<\/p>\r\n         <p>\r\n            <audio style=\"color: #95b9c7;\" controls=\"controls\"><source src=\"\/wp-content\/uploads\/sample_DIC_1000.mp3\" type=\"audio\/mpeg\">Ihr Browser unterst\u00fctzt das Audioelement nicht.<\/audio>\r\n         <\/p>\r\n      <\/div>\r\n      <div class=\"col-lg-6 col-md-6 col-sm-6 col-xs-12\">\r\n         <p class=\"hidden-xs\">Auszug aus dem W\u00f6rterbuch lesen Zum Vergr\u00f6\u00dfern hier klicken:<\/p>\r\n         <p class=\"hidden-lg hidden-md hidden-sm visible-xs-block\">Auszug aus dem W\u00f6rterbuch lesen:<\/p>\r\n         <div class=\"row mi-galeria-producto\"><a href=\"\/wp-content\/uploads\/sample_DIC_1000_UK_DE_ebook_01.jpg\" data-fancybox=\"gallery\" title=\"Auszug\"><img decoding=\"async\" class=\"col-lg-6 col-md-12 col-sm-12 col-xs-12\" id=\"thumb_296\" src=\"\/wp-content\/uploads\/sample_DIC_1000_UK_DE_ebook_01.jpg\" alt=\"Auszug\" title=\"Auszug\" itemprop=\"image\" \/><\/a> <a href=\"\/wp-content\/uploads\/sample_DIC_1000_UK_DE_ebook_02.jpg\" data-fancybox=\"gallery\" title=\"Auszug\"><img decoding=\"async\" class=\"col-lg-6 col-md-12 col-sm-12 col-xs-12\" id=\"thumb_296\" src=\"\/wp-content\/uploads\/sample_DIC_1000_UK_DE_ebook_02.jpg\" alt=\"Auszug\" title=\"Auszug\" itemprop=\"image\" \/><\/a> <a href=\"\/wp-content\/uploads\/sample_DIC_1000_UK_DE_ebook_03.jpg\" data-fancybox=\"gallery\" title=\"Auszug\"><img decoding=\"async\" class=\"col-lg-6 col-md-12 col-sm-12 col-xs-12\" id=\"thumb_296\" src=\"\/wp-content\/uploads\/sample_DIC_1000_UK_DE_ebook_03.jpg\" alt=\"Auszug\" title=\"Auszug\" itemprop=\"image\" \/><\/a> <a href=\"\/wp-content\/uploads\/sample_DIC_1000_UK_DE_ebook_04.jpg\" data-fancybox=\"gallery\" title=\"Auszug\"><img decoding=\"async\" class=\"col-lg-6 col-md-12 col-sm-12 col-xs-12\" id=\"thumb_296\" src=\"\/wp-content\/uploads\/sample_DIC_1000_UK_DE_ebook_04.jpg\" alt=\"Auszug\" title=\"Auszug\" itemprop=\"image\" \/><\/a><\/div>\r\n      <\/div>\r\n   <div class=\"row\">\r\n     <div class=\"col-xs-12\">\r\n            <hr \/>\r\n            <h2>Ukrainische Vokabeln + \u00dcbersetzung + Audio + interaktive \u00dcbungen<\/h2>\r\n            <p>Mit unserem Bildw\u00f6rterbuch mit Audio und \u00dcbungen f\u00fcr Anf\u00e4nger eignest du dir einen soliden Grundwortschatz an. Lerne spielend leicht 1000 Vokabeln dank des interaktiven Campus und des multimedialen Ebooks.<\/p>\r\n            <div class=\"mi-cuadro-importante\">\r\n               <ol>\r\n               <li>\u00fcber 1000 W\u00f6rter mit Bild und Audio in Studioqualit\u00e4t<\/li>\r\n               <li>Ebook im PDF-Format + Zugang zum Online-Campus<\/li>\r\n               <li>60 Themengebiete<\/li>\r\n               <li>Interaktive \u00dcbungen<\/li>\r\n            <\/ol>\r\n         <\/div>\r\n            <h2>Inhalt<\/h2>\r\n            <p>Die 1000 wichtigsten ukrainischen W\u00f6rter helfen dir, Alltagssituationen auf Ukrainisch zu meistern. 1000 W\u00f6rter h\u00f6ren sich nach einer Herausforderung an? Du wirst sehen: Die interaktiven Spiele machen so viel Spa\u00df, dass die W\u00f6rter von allein h\u00e4ngen bleiben. <\/p>\r\n            <div class=\"mi-cuadro-importante\">\r\n\t\t\t<div class=\"row\">\r\n\t\t\t<div class=\"col-sm-6 col-xs-12\">\r\n    <h3>Zu Hause<\/h3>\r\n    <ul>\r\n      <li>Teile des Hauses<\/li>\r\n      <li>Gegenst\u00e4nde im Haus<\/li>\r\n      <li>Gegenst\u00e4nde im Schlafzimmer<\/li>\r\n      <li>Gegenst\u00e4nde im Bad<\/li>\r\n      <li>Gegenst\u00e4nde im Wohnzimmer<\/li>\r\n      <li>Gegenst\u00e4nde in der K\u00fcche<\/li>\r\n      <li>Haushaltsger\u00e4te<\/li>\r\n    <\/ul>\r\n    <h3>Menschen und Kleidung<\/h3>\r\n    <ul>\r\n      <li>Menschen &#8211; vom Baby zum Erwachsenen<\/li>\r\n      <li>Familie und Verwandte<\/li>\r\n      <li>Teile des Gesichts<\/li>\r\n      <li>K\u00f6rperteile<\/li>\r\n      <li>Kleidung<\/li>\r\n      <li>Schuhe und Accessoires<\/li>\r\n    <\/ul>\r\n    <h3>Tiere<\/h3>\r\n    <ul>\r\n      <li>Haustiere<\/li>\r\n      <li>Tiere auf dem Bauernhof<\/li>\r\n      <li>Wilde Tiere I<\/li>\r\n      <li>Wilde Tiere II<\/li>\r\n      <li>V\u00f6gel I<\/li>\r\n      <li>V\u00f6gel II<\/li>\r\n      <li>Insekten<\/li>\r\n      <li>Reptilien und Amphibien<\/li>\r\n      <li>Lebewesen im Meer<\/li>\r\n    <\/ul>\r\n    <h3>Speisen und Getr\u00e4nke<\/h3>\r\n    <ul>\r\n      <li>Speisen<\/li>\r\n      <li>Getr\u00e4nke<\/li>\r\n      <li>Fleisch und Fisch<\/li>\r\n      <li>Obst I<\/li>\r\n      <li>Obst II<\/li>\r\n      <li>Gem\u00fcse I<\/li>\r\n      <li>Gem\u00fcse II<\/li>\r\n      <li>Kr\u00e4uter und Gew\u00fcrze<\/li>\r\n    <\/ul>\r\n    <h3>Stadt und Verkehr<\/h3>\r\n    <ul>\r\n      <li>Geb\u00e4ude in der Stadt:<\/li>\r\n      <li>Gesch\u00e4fte in der Stadt<\/li>\r\n      <li>Im Gesch\u00e4ft<\/li>\r\n      <li>Verkehrsmittel<\/li>\r\n      <li>Im Auto<\/li>\r\n      <li>Am Flughafen<\/li>\r\n    <\/ul>\r\n\t<\/div>\r\n\t<div class=\"col-sm-6 col-xs-12\">\r\n    <h3>Arbeit<\/h3>\r\n    <ul>\r\n      <li>Berufe I<\/li>\r\n      <li>Berufe II<\/li>\r\n      <li>Im B\u00fcro<\/li>\r\n      <li>In der Werkstatt<\/li>\r\n    <\/ul>\r\n    <h3>Welt und Natur<\/h3>\r\n    <ul>\r\n      <li>Natur<\/li>\r\n      <li>Jahreszeiten und Wetter<\/li>\r\n      <li>Blumen<\/li>\r\n      <li>Camping<\/li>\r\n      <li>Am Strand<\/li>\r\n      <li>Materialien<\/li>\r\n      <li>Geografie<\/li>\r\n      <li>Weltraum und Universum<\/li>\r\n    <\/ul>\r\n    <h3>Lernen und Hobbys<\/h3>\r\n    <ul>\r\n      <li>Im Unterrichtsraum<\/li>\r\n      <li>Gegenst\u00e4nde in der Schule<\/li>\r\n      <li>Computer<\/li>\r\n      <li>Unterhaltung<\/li>\r\n      <li>Musik I<\/li>\r\n      <li>Musik II<\/li>\r\n      <li>Sport I<\/li>\r\n      <li>Sport II<\/li>\r\n      <li>Spiele<\/li>\r\n    <\/ul>\r\n    <h3>Grundwortschatz<\/h3>\r\n    <ul>\r\n      <li>Farben und Formen<\/li>\r\n      <li>Verben I<\/li>\r\n      <li>Verben II<\/li>\r\n      <li>Zahlen<\/li>\r\n    <\/ul>\t\r\n\t<\/div>\r\n\t<\/div>\r\n         <\/div>\r\n\t\t <\/div>\r\n      <\/div>\r\n   <\/div>\r\n   <div class=\"row\" style=\"margin-top: 7em;\">\n                <div class=\"col-xs-12\">\n                    <h2>Online-Campus<\/h2>\n                    <h3>Zu diesem Buch geh\u00f6rt ein Kurs mit <span class=\"home-subrayado-texto-negro-descripcion-producto\">interaktiven \u00dcbungen<\/span><\/h3>\n                <\/div>\n            <\/div>\n\n            <div class=\"row\">\n                <div class=\"col-md-5 col-sm-12\" style=\"margin-top: 3em;\">\n                <p>Wenn du eines unserer ukrainisch-deutschen zweisprachigen B\u00fccher im digitalen oder Papierformat kaufst, erh\u00e4ltst du Zugang zu unserem <span class=\"home-subrayado-texto-negro-descripcion-producto\">Online-Campus<\/span> mit folgenden zus\u00e4tzlichen Funktionen:<\/p>\n                <p><span class=\"home-pequeno-destaque-descripcion-producto\">Ein exklusiver Kurs mit interaktiven \u00dcbungen<\/span>\n                <br>Verbessere dein Ukrainisch mit Vokabelspielen und anderen abwechslungreichen Aufgaben.<\/p>\n                <p><span class=\"home-pequeno-destaque-descripcion-producto\">Online-Reader + Audioplayer<\/span> <br>Mit einem Klick liest du online, ohne Dateien herunterzuladen. so kannstdu mit deinem Telefon spontan \u00fcberall lernen!<\/p>\n                <p><span class=\"home-pequeno-destaque-descripcion-producto\">Unbegrenzter Zugang<\/span> <br>Du hast f\u00fcr immer Zugang zu deinen B\u00fcchern.<\/p>\n                <p><span class=\"home-pequeno-destaque-descripcion-producto\">Soweit bist du gekommen<\/span> <br>Anhand der Fortschrittsanzeige am Anfang des Buches siehst du, welche Texte du gelesen hast und welcher als n\u00e4chstes dran ist.<\/p>\n                <\/div>\n                <div class=\"col-md-7 col-sm-12\">\n                <p class=\"home-texto-sobre-imagen-descripcion-producto\">Online-Campus<\/p>\n                <img decoding=\"async\" class=\"img-responsive\" src=\"\/wp-content\/uploads\/ukrainian-games-and-exercises-demo-de.png\" alt=\"\u0406\u043d\u0442\u0435\u0440\u0430\u043a\u0442\u0438\u0432\u043d\u0456 \u0432\u043f\u0440\u0430\u0432\u0438\" \/><\/div>\n            <\/div>\n\n            <div class=\"row\">\n                <div class=\"col-xs-12\">\n                <hr \/>\n                <h2>Unsere B\u00fccher mit Audio machen das Ukrainischlernen leicht!<\/h2>\n                <p>M\u00f6chtest du Ukrainisch lernen? Unsere B\u00fccher sind die idealen Begleiter auf deiner Reise. Dank unserer Paralleltexte Ukrainisch-Deutsch lernst du effektiv Ukrainisch, da du immer einen Blick auf die \u00dcbersetzung werfen kannst:<\/p>\n                <div class=\"mi-cuadro-importante\">\n                    <ol>\n                        <li>Ukrainische Texte mit deutscher \u00dcbersetzung.<\/li>\n                        <li>Hochwertige Audios von ukrainischen Muttersprachlern.<\/li>\n                        <li>Nach Schwierigkeitsstufen eingeteilt<\/li>\n                        <li>Zugang zu interaktiven \u00dcbungen \u2013 wende das Gelernte sofort an.<\/li>\n                        <li>Speziell f\u00fcr Ukrainischlerner verfasst.<\/li>\n                    <\/ol>\n                <\/div>\n                <h2>Ukrainische Texte + \u00dcbersetzung + Audios + Online-\u00dcbungen<\/h2>\n                <p>Wir sind der einzige Herausgeber interaktiver Ukrainisch-H\u00f6rb\u00fccher! Ukracademia gibt duale Texte Ukrainisch-Deutsch mit \u00dcbungen heraus.<\/p>\n                <ol>\n                    <li>Unterhaltsame Texte mit begrenztem Wortschatz<\/li>\n                    <li>Schnelles Erfassen dank der deutschen \u00dcbersetzung.<\/li>\n                    <li>Studioaufnahmen aller Texte<\/li>\n                <\/ol>\n                <p>Mit unseren spannenden B\u00fcchern zum Lesen und H\u00f6ren verbesserst du spielend leicht dein Ukrainisch! Suchst du nach ukrainischen H\u00f6rtexten mit Lesetext und \u00dcbersetzung? Wir haben die L\u00f6sung.<\/p>\n                <h2>Ukrainisch f\u00fcr unterwegs<\/h2>\n                <p>Unsere E-Books im PDF-Format lassen sich auf vielen verschiedenen Ger\u00e4ten \u00f6ffnen (PC, Laptop, Mac, iPad, Tablet,\u2026) Inklusive professionell gesprochener Aufnahmen aller Texte und Dialoge im mp3-Format. Du kannst die Texte gleichzeitig lesen und h\u00f6ren oder die mp3-Dateien auf deinem Telefon oder mp3-Player abspielen und \u00fcberall anh\u00f6ren.<\/p>\n                <\/div>\n            <\/div>\r\n<\/div>","protected":false},"excerpt":{"rendered":"<div class=\"container-fluid\">\r\n   <div class=\"row\">\r\n      <div class=\"col-xs-12\"><!-- este div es la descripcion para Google Shopping-->\r\n         <div hidden=\"\">\r\n            <p>Bildw\u00f6rterbuch Ukrainisch-Deutsch mit Audio und interaktiven \u00dcbungen. Lerne die wichtigsten 1000 spanischen\r\n               W\u00f6rter!<\/p>\r\n         <\/div><!-- fin de la descripci\u00f3n para Google Shooping-->\r\n         [etiquetas_producto paginas = 78]\r\n         <p>Nimmst du die Herausforderung an? Mit unserem Bildw\u00f6rterbuch mit interaktiven \u00dcbungen <strong>lernst du deine ersten 1000 ukrainischen W\u00f6rter<\/strong>. Direkt nach dem Kauf kannst dir das Ebook herunterladen und erh\u00e4lst Zugang zum Online-Campus. Mit unserem Bildw\u00f6rterbuch mit Audio und \u00dcbungen f\u00fcr Anf\u00e4nger eignest du dir einen soliden ukrainischen Grundwortschatz an.<\/p>\r\n         <ol>\r\n            <li>\u00dcber 1000 W\u00f6rter mit Bild und Audio in Studioqualit\u00e4t<\/li>\r\n            <li>60 Themengebiete: Zu Hause, Menschen, Kleidung, Speisen, Arbeit&#8230;<\/li>\r\n            <li>Du kannst das Ebook herunterladen oder online lesen <\/li>\r\n            <li>Online-Vokabelspiele &#8211; damit pr\u00e4gen sich die neuen W\u00f6rter garantiert ein<\/li>\r\n         <\/ol>\r\n         [imagenes_tipo_libro] \r\n      <\/div>\r\n   <\/div>\r\n<\/div>","protected":false},"featured_media":34991,"comment_status":"open","ping_status":"closed","template":"","meta":[],"product_brand":[],"product_cat":[65,66,68,81],"product_tag":[],"class_list":{"0":"post-34990","1":"product","2":"type-product","3":"status-publish","4":"has-post-thumbnail","6":"product_cat-bucher-zum-ukrainischlernen","7":"product_cat-e-book","8":"product_cat-ukrainische-buecher-mit-audio","9":"product_cat-woerterbuch","11":"first","12":"instock","13":"downloadable","14":"virtual","15":"taxable","16":"purchasable","17":"product-type-simple"},"yoast_head":"<!-- This site is optimized with the Yoast SEO plugin v27.4 - https:\/\/yoast.com\/product\/yoast-seo-wordpress\/ -->\n<title>Lerne 1000 ukrainische W\u00f6rter: Interaktives Bildw\u00f6rterbuch (Ebook) - UkrAcademia<\/title>\n<meta name=\"description\" content=\"Interaktives Bildw\u00f6rterbuch mit Audio und \u00dcbungen \u2013 lerne 1000 ukrainische W\u00f6rter und baue deinen Grundwortschatz auf.\" \/>\n<meta name=\"robots\" content=\"index, follow, max-snippet:-1, max-image-preview:large, max-video-preview:-1\" \/>\n<link rel=\"canonical\" href=\"https:\/\/www.ukracademia.com\/de\/product\/lerne-1000-ukrainische-woerter-bildwoerterbuch-ebook\/\" \/>\n<meta property=\"og:locale\" content=\"de_DE\" \/>\n<meta property=\"og:type\" content=\"article\" \/>\n<meta property=\"og:title\" content=\"Lerne 1000 ukrainische W\u00f6rter: Interaktives Bildw\u00f6rterbuch (Ebook) - UkrAcademia\" \/>\n<meta property=\"og:description\" content=\"Interaktives Bildw\u00f6rterbuch mit Audio und \u00dcbungen \u2013 lerne 1000 ukrainische W\u00f6rter und baue deinen Grundwortschatz auf.\" \/>\n<meta property=\"og:url\" content=\"https:\/\/www.ukracademia.com\/de\/product\/lerne-1000-ukrainische-woerter-bildwoerterbuch-ebook\/\" \/>\n<meta property=\"og:site_name\" content=\"UkrAcademia\" \/>\n<meta property=\"article:modified_time\" content=\"2026-02-25T11:08:25+00:00\" \/>\n<meta property=\"og:image\" content=\"https:\/\/www.ukracademia.com\/wp-content\/uploads\/DIC_1000_UK_DE_ebook.jpg\" \/>\n\t<meta property=\"og:image:width\" content=\"1194\" \/>\n\t<meta property=\"og:image:height\" content=\"1194\" \/>\n\t<meta property=\"og:image:type\" content=\"image\/jpeg\" \/>\n<meta name=\"twitter:card\" content=\"summary_large_image\" \/>\n<meta name=\"twitter:label1\" content=\"Gesch\u00e4tzte Lesezeit\" \/>\n\t<meta name=\"twitter:data1\" content=\"3\u00a0Minuten\" \/>\n<script type=\"application\/ld+json\" class=\"yoast-schema-graph\">{\"@context\":\"https:\\\/\\\/schema.org\",\"@graph\":[{\"@type\":\"WebPage\",\"@id\":\"https:\\\/\\\/www.ukracademia.com\\\/de\\\/product\\\/lerne-1000-ukrainische-woerter-bildwoerterbuch-ebook\\\/\",\"url\":\"https:\\\/\\\/www.ukracademia.com\\\/de\\\/product\\\/lerne-1000-ukrainische-woerter-bildwoerterbuch-ebook\\\/\",\"name\":\"Lerne 1000 ukrainische W\u00f6rter: Interaktives Bildw\u00f6rterbuch (Ebook) - UkrAcademia\",\"isPartOf\":{\"@id\":\"https:\\\/\\\/www.ukracademia.com\\\/de\\\/#website\"},\"primaryImageOfPage\":{\"@id\":\"https:\\\/\\\/www.ukracademia.com\\\/de\\\/product\\\/lerne-1000-ukrainische-woerter-bildwoerterbuch-ebook\\\/#primaryimage\"},\"image\":{\"@id\":\"https:\\\/\\\/www.ukracademia.com\\\/de\\\/product\\\/lerne-1000-ukrainische-woerter-bildwoerterbuch-ebook\\\/#primaryimage\"},\"thumbnailUrl\":\"https:\\\/\\\/www.ukracademia.com\\\/wp-content\\\/uploads\\\/DIC_1000_UK_DE_ebook.jpg\",\"datePublished\":\"2024-04-12T09:43:35+00:00\",\"dateModified\":\"2026-02-25T11:08:25+00:00\",\"description\":\"Interaktives Bildw\u00f6rterbuch mit Audio und \u00dcbungen \u2013 lerne 1000 ukrainische W\u00f6rter und baue deinen Grundwortschatz auf.\",\"breadcrumb\":{\"@id\":\"https:\\\/\\\/www.ukracademia.com\\\/de\\\/product\\\/lerne-1000-ukrainische-woerter-bildwoerterbuch-ebook\\\/#breadcrumb\"},\"inLanguage\":\"de\",\"potentialAction\":[{\"@type\":\"ReadAction\",\"target\":[\"https:\\\/\\\/www.ukracademia.com\\\/de\\\/product\\\/lerne-1000-ukrainische-woerter-bildwoerterbuch-ebook\\\/\"]}]},{\"@type\":\"ImageObject\",\"inLanguage\":\"de\",\"@id\":\"https:\\\/\\\/www.ukracademia.com\\\/de\\\/product\\\/lerne-1000-ukrainische-woerter-bildwoerterbuch-ebook\\\/#primaryimage\",\"url\":\"https:\\\/\\\/www.ukracademia.com\\\/wp-content\\\/uploads\\\/DIC_1000_UK_DE_ebook.jpg\",\"contentUrl\":\"https:\\\/\\\/www.ukracademia.com\\\/wp-content\\\/uploads\\\/DIC_1000_UK_DE_ebook.jpg\",\"width\":1194,\"height\":1194,\"caption\":\"Bildw\u00f6rterbuch Ukrainisch\"},{\"@type\":\"BreadcrumbList\",\"@id\":\"https:\\\/\\\/www.ukracademia.com\\\/de\\\/product\\\/lerne-1000-ukrainische-woerter-bildwoerterbuch-ebook\\\/#breadcrumb\",\"itemListElement\":[{\"@type\":\"ListItem\",\"position\":1,\"name\":\"Home\",\"item\":\"https:\\\/\\\/www.ukracademia.com\\\/de\\\/\"},{\"@type\":\"ListItem\",\"position\":2,\"name\":\"Shop\",\"item\":\"https:\\\/\\\/www.ukracademia.com\\\/shop\\\/\"},{\"@type\":\"ListItem\",\"position\":3,\"name\":\"Lerne 1000 ukrainische W\u00f6rter: Interaktives Bildw\u00f6rterbuch (Ebook)\"}]},{\"@type\":\"WebSite\",\"@id\":\"https:\\\/\\\/www.ukracademia.com\\\/de\\\/#website\",\"url\":\"https:\\\/\\\/www.ukracademia.com\\\/de\\\/\",\"name\":\"UkrAcademia\",\"description\":\"Learn Ukrainian with us\",\"alternateName\":\"UkrAcademia Learn Ukrainian\",\"potentialAction\":[{\"@type\":\"SearchAction\",\"target\":{\"@type\":\"EntryPoint\",\"urlTemplate\":\"https:\\\/\\\/www.ukracademia.com\\\/de\\\/?s={search_term_string}\"},\"query-input\":{\"@type\":\"PropertyValueSpecification\",\"valueRequired\":true,\"valueName\":\"search_term_string\"}}],\"inLanguage\":\"de\"}]}<\/script>\n<!-- \/ Yoast SEO plugin. -->","yoast_head_json":{"title":"Lerne 1000 ukrainische W\u00f6rter: Interaktives Bildw\u00f6rterbuch (Ebook) - UkrAcademia","description":"Interaktives Bildw\u00f6rterbuch mit Audio und \u00dcbungen \u2013 lerne 1000 ukrainische W\u00f6rter und baue deinen Grundwortschatz auf.","robots":{"index":"index","follow":"follow","max-snippet":"max-snippet:-1","max-image-preview":"max-image-preview:large","max-video-preview":"max-video-preview:-1"},"canonical":"https:\/\/www.ukracademia.com\/de\/product\/lerne-1000-ukrainische-woerter-bildwoerterbuch-ebook\/","og_locale":"de_DE","og_type":"article","og_title":"Lerne 1000 ukrainische W\u00f6rter: Interaktives Bildw\u00f6rterbuch (Ebook) - UkrAcademia","og_description":"Interaktives Bildw\u00f6rterbuch mit Audio und \u00dcbungen \u2013 lerne 1000 ukrainische W\u00f6rter und baue deinen Grundwortschatz auf.","og_url":"https:\/\/www.ukracademia.com\/de\/product\/lerne-1000-ukrainische-woerter-bildwoerterbuch-ebook\/","og_site_name":"UkrAcademia","article_modified_time":"2026-02-25T11:08:25+00:00","og_image":[{"width":1194,"height":1194,"url":"https:\/\/www.ukracademia.com\/wp-content\/uploads\/DIC_1000_UK_DE_ebook.jpg","type":"image\/jpeg"}],"twitter_card":"summary_large_image","twitter_misc":{"Gesch\u00e4tzte Lesezeit":"3\u00a0Minuten"},"schema":{"@context":"https:\/\/schema.org","@graph":[{"@type":"WebPage","@id":"https:\/\/www.ukracademia.com\/de\/product\/lerne-1000-ukrainische-woerter-bildwoerterbuch-ebook\/","url":"https:\/\/www.ukracademia.com\/de\/product\/lerne-1000-ukrainische-woerter-bildwoerterbuch-ebook\/","name":"Lerne 1000 ukrainische W\u00f6rter: Interaktives Bildw\u00f6rterbuch (Ebook) - UkrAcademia","isPartOf":{"@id":"https:\/\/www.ukracademia.com\/de\/#website"},"primaryImageOfPage":{"@id":"https:\/\/www.ukracademia.com\/de\/product\/lerne-1000-ukrainische-woerter-bildwoerterbuch-ebook\/#primaryimage"},"image":{"@id":"https:\/\/www.ukracademia.com\/de\/product\/lerne-1000-ukrainische-woerter-bildwoerterbuch-ebook\/#primaryimage"},"thumbnailUrl":"https:\/\/www.ukracademia.com\/wp-content\/uploads\/DIC_1000_UK_DE_ebook.jpg","datePublished":"2024-04-12T09:43:35+00:00","dateModified":"2026-02-25T11:08:25+00:00","description":"Interaktives Bildw\u00f6rterbuch mit Audio und \u00dcbungen \u2013 lerne 1000 ukrainische W\u00f6rter und baue deinen Grundwortschatz auf.","breadcrumb":{"@id":"https:\/\/www.ukracademia.com\/de\/product\/lerne-1000-ukrainische-woerter-bildwoerterbuch-ebook\/#breadcrumb"},"inLanguage":"de","potentialAction":[{"@type":"ReadAction","target":["https:\/\/www.ukracademia.com\/de\/product\/lerne-1000-ukrainische-woerter-bildwoerterbuch-ebook\/"]}]},{"@type":"ImageObject","inLanguage":"de","@id":"https:\/\/www.ukracademia.com\/de\/product\/lerne-1000-ukrainische-woerter-bildwoerterbuch-ebook\/#primaryimage","url":"https:\/\/www.ukracademia.com\/wp-content\/uploads\/DIC_1000_UK_DE_ebook.jpg","contentUrl":"https:\/\/www.ukracademia.com\/wp-content\/uploads\/DIC_1000_UK_DE_ebook.jpg","width":1194,"height":1194,"caption":"Bildw\u00f6rterbuch Ukrainisch"},{"@type":"BreadcrumbList","@id":"https:\/\/www.ukracademia.com\/de\/product\/lerne-1000-ukrainische-woerter-bildwoerterbuch-ebook\/#breadcrumb","itemListElement":[{"@type":"ListItem","position":1,"name":"Home","item":"https:\/\/www.ukracademia.com\/de\/"},{"@type":"ListItem","position":2,"name":"Shop","item":"https:\/\/www.ukracademia.com\/shop\/"},{"@type":"ListItem","position":3,"name":"Lerne 1000 ukrainische W\u00f6rter: Interaktives Bildw\u00f6rterbuch (Ebook)"}]},{"@type":"WebSite","@id":"https:\/\/www.ukracademia.com\/de\/#website","url":"https:\/\/www.ukracademia.com\/de\/","name":"UkrAcademia","description":"Learn Ukrainian with us","alternateName":"UkrAcademia Learn Ukrainian","potentialAction":[{"@type":"SearchAction","target":{"@type":"EntryPoint","urlTemplate":"https:\/\/www.ukracademia.com\/de\/?s={search_term_string}"},"query-input":{"@type":"PropertyValueSpecification","valueRequired":true,"valueName":"search_term_string"}}],"inLanguage":"de"}]}},"jetpack_sharing_enabled":true,"_links":{"self":[{"href":"https:\/\/www.ukracademia.com\/de\/wp-json\/wp\/v2\/product\/34990","targetHints":{"allow":["GET"]}}],"collection":[{"href":"https:\/\/www.ukracademia.com\/de\/wp-json\/wp\/v2\/product"}],"about":[{"href":"https:\/\/www.ukracademia.com\/de\/wp-json\/wp\/v2\/types\/product"}],"replies":[{"embeddable":true,"href":"https:\/\/www.ukracademia.com\/de\/wp-json\/wp\/v2\/comments?post=34990"}],"wp:featuredmedia":[{"embeddable":true,"href":"https:\/\/www.ukracademia.com\/de\/wp-json\/wp\/v2\/media\/34991"}],"wp:attachment":[{"href":"https:\/\/www.ukracademia.com\/de\/wp-json\/wp\/v2\/media?parent=34990"}],"wp:term":[{"taxonomy":"product_brand","embeddable":true,"href":"https:\/\/www.ukracademia.com\/de\/wp-json\/wp\/v2\/product_brand?post=34990"},{"taxonomy":"product_cat","embeddable":true,"href":"https:\/\/www.ukracademia.com\/de\/wp-json\/wp\/v2\/product_cat?post=34990"},{"taxonomy":"product_tag","embeddable":true,"href":"https:\/\/www.ukracademia.com\/de\/wp-json\/wp\/v2\/product_tag?post=34990"}],"curies":[{"name":"wp","href":"https:\/\/api.w.org\/{rel}","templated":true}]}}