{"id":42310,"date":"2025-06-13T15:41:15","date_gmt":"2025-06-13T13:41:15","guid":{"rendered":"https:\/\/www.ukracademia.com\/?post_type=product&#038;p=42310"},"modified":"2026-04-06T09:37:57","modified_gmt":"2026-04-06T07:37:57","slug":"geschichten-auf-ukrainisch-niveau-a1-a2-buch-1-printversion","status":"publish","type":"product","link":"https:\/\/www.ukracademia.com\/de\/product\/geschichten-auf-ukrainisch-niveau-a1-a2-buch-1-printversion\/","title":{"rendered":"Geschichten auf Ukrainisch: Niveau A1-A2 &#8211; Buch 1 (Printversion)"},"content":{"rendered":"<div class=\"container-fluid\">\r\n   <div class=\"row\">\r\n      <div class=\"col-xs-12\">\r\n         <h2>Hier kannst du einen Auszug aus diesem Buch lesen und h\u00f6ren:<\/h2>\r\n      <\/div>\r\n   <\/div>\r\n   <div class=\"row\">\r\n      <div class=\"col-lg-6 col-md-6 col-sm-6 col-xs-12\">\r\n         <p>Auszug aus diesem Buch h\u00f6ren:<\/p>\r\n         <p>\r\n            <audio style=\"color: #95b9c7;\" controls=\"controls\">\r\n               <source src=\"\/wp-content\/uploads\/sample_ABOOK_A1_A2_01.mp3\" type=\"audio\/mpeg\">\t\t   \r\n               Ihr Browser unterst\u00fctzt das Audioelement nicht\r\n            <\/audio>            \r\n         <\/p>\r\n      <\/div>\r\n      <div class=\"col-lg-6 col-md-6 col-sm-6 col-xs-12\">\r\n         <p class=\"hidden-xs\">Auszug aus diesem Buch lesen. Zum Vergr\u00f6\u00dfern hier klicken:<\/p>\r\n         <p class=\"hidden-lg hidden-md hidden-sm visible-xs-block\">Auszug aus diesem Buch lesen:<\/p>\r\n\r\n         <div class=\"row mi-galeria-producto\"><a href=\"\/wp-content\/uploads\/sample_ABOOK_A1_A2_01_UK_DE_ebook_01.jpg\" data-fancybox=\"gallery\" title=\"Auszug\"><img decoding=\"async\" class=\"col-lg-6 col-md-12 col-sm-12 col-xs-12\" id=\"thumb_296\" src=\"\/wp-content\/uploads\/sample_ABOOK_A1_A2_01_UK_DE_ebook_01.jpg\" alt=\"Auszug\" title=\"Auszug\" itemprop=\"image\" \/><\/a> <a href=\"\/wp-content\/uploads\/sample_ABOOK_A1_A2_01_UK_DE_ebook_02.jpg\" data-fancybox=\"gallery\" title=\"Auszug\"><img decoding=\"async\" class=\"col-lg-6 col-md-12 col-sm-12 col-xs-12\" id=\"thumb_296\" src=\"\/wp-content\/uploads\/sample_ABOOK_A1_A2_01_UK_DE_ebook_02.jpg\" alt=\"Auszug\" title=\"Auszug\" itemprop=\"image\" \/><\/a> <a href=\"\/wp-content\/uploads\/sample_ABOOK_A1_A2_01_UK_DE_ebook_03.jpg\" data-fancybox=\"gallery\" title=\"Auszug\"><img decoding=\"async\" class=\"col-lg-6 col-md-12 col-sm-12 col-xs-12\" id=\"thumb_296\" src=\"\/wp-content\/uploads\/sample_ABOOK_A1_A2_01_UK_DE_ebook_03.jpg\" alt=\"Auszug\" title=\"Auszug\" itemprop=\"image\" \/><\/a> <a href=\"\/wp-content\/uploads\/sample_ABOOK_A1_A2_01_UK_DE_ebook_04.jpg\" data-fancybox=\"gallery\" title=\"Auszug\"><img decoding=\"async\" class=\"col-lg-6 col-md-12 col-sm-12 col-xs-12\" id=\"thumb_296\" src=\"\/wp-content\/uploads\/sample_ABOOK_A1_A2_01_UK_DE_ebook_04.jpg\" alt=\"Auszug\" title=\"Auszug\" itemprop=\"image\" \/><\/a><\/div>\r\n      <\/div>\r\n   <\/div>   \r\n   <div class=\"row\" style=\"margin-top: 7em;\">\n                <div class=\"col-xs-12\">\n                    <h2>Online-Campus<\/h2>\n                    <h3>Zu diesem Buch geh\u00f6rt ein Kurs mit <span class=\"home-subrayado-texto-negro-descripcion-producto\">interaktiven \u00dcbungen<\/span><\/h3>\n                <\/div>\n            <\/div>\n\n            <div class=\"row\">\n                <div class=\"col-md-5 col-sm-12\" style=\"margin-top: 3em;\">\n                <p>Wenn du eines unserer ukrainisch-deutschen zweisprachigen B\u00fccher im digitalen oder Papierformat kaufst, erh\u00e4ltst du Zugang zu unserem <span class=\"home-subrayado-texto-negro-descripcion-producto\">Online-Campus<\/span> mit folgenden zus\u00e4tzlichen Funktionen:<\/p>\n                <p><span class=\"home-pequeno-destaque-descripcion-producto\">Ein exklusiver Kurs mit interaktiven \u00dcbungen<\/span>\n                <br>Verbessere dein Ukrainisch mit Vokabelspielen und anderen abwechslungreichen Aufgaben.<\/p>\n                <p><span class=\"home-pequeno-destaque-descripcion-producto\">Online-Reader + Audioplayer<\/span> <br>Mit einem Klick liest du online, ohne Dateien herunterzuladen. so kannstdu mit deinem Telefon spontan \u00fcberall lernen!<\/p>\n                <p><span class=\"home-pequeno-destaque-descripcion-producto\">Unbegrenzter Zugang<\/span> <br>Du hast f\u00fcr immer Zugang zu deinen B\u00fcchern.<\/p>\n                <p><span class=\"home-pequeno-destaque-descripcion-producto\">Soweit bist du gekommen<\/span> <br>Anhand der Fortschrittsanzeige am Anfang des Buches siehst du, welche Texte du gelesen hast und welcher als n\u00e4chstes dran ist.<\/p>\n                <\/div>\n                <div class=\"col-md-7 col-sm-12\">\n                <p class=\"home-texto-sobre-imagen-descripcion-producto\">Online-Campus<\/p>\n                <img decoding=\"async\" class=\"img-responsive\" src=\"\/wp-content\/uploads\/ukrainian-games-and-exercises-demo-de.png\" alt=\"\u0406\u043d\u0442\u0435\u0440\u0430\u043a\u0442\u0438\u0432\u043d\u0456 \u0432\u043f\u0440\u0430\u0432\u0438\" \/><\/div>\n            <\/div>\n\n            <div class=\"row\">\n                <div class=\"col-xs-12\">\n                <hr \/>\n                <h2>Unsere B\u00fccher mit Audio machen das Ukrainischlernen leicht!<\/h2>\n                <p>M\u00f6chtest du Ukrainisch lernen? Unsere B\u00fccher sind die idealen Begleiter auf deiner Reise. Dank unserer Paralleltexte Ukrainisch-Deutsch lernst du effektiv Ukrainisch, da du immer einen Blick auf die \u00dcbersetzung werfen kannst:<\/p>\n                <div class=\"mi-cuadro-importante\">\n                    <ol>\n                        <li>Ukrainische Texte mit deutscher \u00dcbersetzung.<\/li>\n                        <li>Hochwertige Audios von ukrainischen Muttersprachlern.<\/li>\n                        <li>Nach Schwierigkeitsstufen eingeteilt<\/li>\n                        <li>Zugang zu interaktiven \u00dcbungen \u2013 wende das Gelernte sofort an.<\/li>\n                        <li>Speziell f\u00fcr Ukrainischlerner verfasst.<\/li>\n                    <\/ol>\n                <\/div>\n                <h2>Ukrainische Texte + \u00dcbersetzung + Audios + Online-\u00dcbungen<\/h2>\n                <p>Wir sind der einzige Herausgeber interaktiver Ukrainisch-H\u00f6rb\u00fccher! Ukracademia gibt duale Texte Ukrainisch-Deutsch mit \u00dcbungen heraus.<\/p>\n                <ol>\n                    <li>Unterhaltsame Texte mit begrenztem Wortschatz<\/li>\n                    <li>Schnelles Erfassen dank der deutschen \u00dcbersetzung.<\/li>\n                    <li>Studioaufnahmen aller Texte<\/li>\n                <\/ol>\n                <p>Mit unseren spannenden B\u00fcchern zum Lesen und H\u00f6ren verbesserst du spielend leicht dein Ukrainisch! Suchst du nach ukrainischen H\u00f6rtexten mit Lesetext und \u00dcbersetzung? Wir haben die L\u00f6sung.<\/p>\n                <h2>Ukrainisch f\u00fcr unterwegs<\/h2>\n                <p>Unsere E-Books im PDF-Format lassen sich auf vielen verschiedenen Ger\u00e4ten \u00f6ffnen (PC, Laptop, Mac, iPad, Tablet,\u2026) Inklusive professionell gesprochener Aufnahmen aller Texte und Dialoge im mp3-Format. Du kannst die Texte gleichzeitig lesen und h\u00f6ren oder die mp3-Dateien auf deinem Telefon oder mp3-Player abspielen und \u00fcberall anh\u00f6ren.<\/p>\n                <\/div>\n            <\/div>\r\n<\/div>\r\n","protected":false},"excerpt":{"rendered":"<div class=\"container-fluid\">\r\n   <div class=\"row\">\r\n      <div class=\"col-xs-12\">\r\n         [etiquetas_producto paginas = 66]\r\n         <p>Verbessere dein Ukrainisch mit fabelhaften Erz\u00e4hlungen! Das Buch enth\u00e4lt die deutsche \u00dcbersetzung, H\u00f6rtexte und \u00dcbungen. Au\u00dferdem bekommst du Zugang zu <strong>interaktiven \u00dcbungen<\/strong> zu den Texten auf unserem Campus. <b>F\u00fcr Anf\u00e4nger mit Vorkenntnissen<\/b> (A1-A2). Beim Lesen lernst du jede Menge <strong>neuer ukrainischer W\u00f6rter<\/strong>. Inhalt:<\/p>\r\n         <ul>\r\n            <li>Der Rabe und der K\u00e4se<\/li>\r\n            <li>Die Alte und der Fisch<\/li>\r\n            <li>Die sch\u00f6ne Landschaft<\/li>\r\n            <li>Reiche und Arme<\/li>\r\n            <li>Der zu kleine Fisch<\/li>\r\n            <li>Wie schnell die Zeit vergeht<\/li>\r\n         <\/ul>\r\n         [imagenes_tipo_libro]\r\n      <\/div>\r\n   <\/div>\r\n<\/div>","protected":false},"featured_media":42316,"comment_status":"open","ping_status":"closed","template":"","meta":[],"product_brand":[],"product_cat":[65,69,67,68],"product_tag":[],"class_list":{"0":"post-42310","1":"product","2":"type-product","3":"status-publish","4":"has-post-thumbnail","6":"product_cat-bucher-zum-ukrainischlernen","7":"product_cat-geschichten","8":"product_cat-printversionen","9":"product_cat-ukrainische-buecher-mit-audio","11":"first","12":"instock","13":"taxable","14":"shipping-taxable","15":"purchasable","16":"product-type-simple"},"yoast_head":"<!-- This site is optimized with the Yoast SEO plugin v27.4 - https:\/\/yoast.com\/product\/yoast-seo-wordpress\/ -->\n<title>Geschichten auf Ukrainisch: Niveau A1-A2 - Buch 1 (Printversion) - UkrAcademia<\/title>\n<meta name=\"description\" content=\"Ukrainisch lernen mit fabelhaften Geschichten, deutscher \u00dcbersetzung, Audios und \u00dcbungen \u2013 ideal f\u00fcr Niveau A1\u2013A2.\" \/>\n<meta name=\"robots\" content=\"index, follow, max-snippet:-1, max-image-preview:large, max-video-preview:-1\" \/>\n<link rel=\"canonical\" href=\"https:\/\/www.ukracademia.com\/de\/product\/geschichten-auf-ukrainisch-niveau-a1-a2-buch-1-printversion\/\" \/>\n<meta property=\"og:locale\" content=\"de_DE\" \/>\n<meta property=\"og:type\" content=\"article\" \/>\n<meta property=\"og:title\" content=\"Geschichten auf Ukrainisch: Niveau A1-A2 - Buch 1 (Printversion) - UkrAcademia\" \/>\n<meta property=\"og:description\" content=\"Ukrainisch lernen mit fabelhaften Geschichten, deutscher \u00dcbersetzung, Audios und \u00dcbungen \u2013 ideal f\u00fcr Niveau A1\u2013A2.\" \/>\n<meta property=\"og:url\" content=\"https:\/\/www.ukracademia.com\/de\/product\/geschichten-auf-ukrainisch-niveau-a1-a2-buch-1-printversion\/\" \/>\n<meta property=\"og:site_name\" content=\"UkrAcademia\" \/>\n<meta property=\"article:modified_time\" content=\"2026-04-06T07:37:57+00:00\" \/>\n<meta property=\"og:image\" content=\"https:\/\/www.ukracademia.com\/wp-content\/uploads\/ABOOK_A1_A2_01_UK_DE_papel.jpg\" \/>\n\t<meta property=\"og:image:width\" content=\"1194\" \/>\n\t<meta property=\"og:image:height\" content=\"1194\" \/>\n\t<meta property=\"og:image:type\" content=\"image\/jpeg\" \/>\n<meta name=\"twitter:card\" content=\"summary_large_image\" \/>\n<meta name=\"twitter:label1\" content=\"Gesch\u00e4tzte Lesezeit\" \/>\n\t<meta name=\"twitter:data1\" content=\"2\u00a0Minuten\" \/>\n<script type=\"application\/ld+json\" class=\"yoast-schema-graph\">{\"@context\":\"https:\\\/\\\/schema.org\",\"@graph\":[{\"@type\":\"WebPage\",\"@id\":\"https:\\\/\\\/www.ukracademia.com\\\/de\\\/product\\\/geschichten-auf-ukrainisch-niveau-a1-a2-buch-1-printversion\\\/\",\"url\":\"https:\\\/\\\/www.ukracademia.com\\\/de\\\/product\\\/geschichten-auf-ukrainisch-niveau-a1-a2-buch-1-printversion\\\/\",\"name\":\"Geschichten auf Ukrainisch: Niveau A1-A2 - Buch 1 (Printversion) - UkrAcademia\",\"isPartOf\":{\"@id\":\"https:\\\/\\\/www.ukracademia.com\\\/de\\\/#website\"},\"primaryImageOfPage\":{\"@id\":\"https:\\\/\\\/www.ukracademia.com\\\/de\\\/product\\\/geschichten-auf-ukrainisch-niveau-a1-a2-buch-1-printversion\\\/#primaryimage\"},\"image\":{\"@id\":\"https:\\\/\\\/www.ukracademia.com\\\/de\\\/product\\\/geschichten-auf-ukrainisch-niveau-a1-a2-buch-1-printversion\\\/#primaryimage\"},\"thumbnailUrl\":\"https:\\\/\\\/www.ukracademia.com\\\/wp-content\\\/uploads\\\/ABOOK_A1_A2_01_UK_DE_papel.jpg\",\"datePublished\":\"2025-06-13T13:41:15+00:00\",\"dateModified\":\"2026-04-06T07:37:57+00:00\",\"description\":\"Ukrainisch lernen mit fabelhaften Geschichten, deutscher \u00dcbersetzung, Audios und \u00dcbungen \u2013 ideal f\u00fcr Niveau A1\u2013A2.\",\"breadcrumb\":{\"@id\":\"https:\\\/\\\/www.ukracademia.com\\\/de\\\/product\\\/geschichten-auf-ukrainisch-niveau-a1-a2-buch-1-printversion\\\/#breadcrumb\"},\"inLanguage\":\"de\",\"potentialAction\":[{\"@type\":\"ReadAction\",\"target\":[\"https:\\\/\\\/www.ukracademia.com\\\/de\\\/product\\\/geschichten-auf-ukrainisch-niveau-a1-a2-buch-1-printversion\\\/\"]}]},{\"@type\":\"ImageObject\",\"inLanguage\":\"de\",\"@id\":\"https:\\\/\\\/www.ukracademia.com\\\/de\\\/product\\\/geschichten-auf-ukrainisch-niveau-a1-a2-buch-1-printversion\\\/#primaryimage\",\"url\":\"https:\\\/\\\/www.ukracademia.com\\\/wp-content\\\/uploads\\\/ABOOK_A1_A2_01_UK_DE_papel.jpg\",\"contentUrl\":\"https:\\\/\\\/www.ukracademia.com\\\/wp-content\\\/uploads\\\/ABOOK_A1_A2_01_UK_DE_papel.jpg\",\"width\":1194,\"height\":1194},{\"@type\":\"BreadcrumbList\",\"@id\":\"https:\\\/\\\/www.ukracademia.com\\\/de\\\/product\\\/geschichten-auf-ukrainisch-niveau-a1-a2-buch-1-printversion\\\/#breadcrumb\",\"itemListElement\":[{\"@type\":\"ListItem\",\"position\":1,\"name\":\"Home\",\"item\":\"https:\\\/\\\/www.ukracademia.com\\\/de\\\/\"},{\"@type\":\"ListItem\",\"position\":2,\"name\":\"Shop\",\"item\":\"https:\\\/\\\/www.ukracademia.com\\\/shop\\\/\"},{\"@type\":\"ListItem\",\"position\":3,\"name\":\"Geschichten auf Ukrainisch: Niveau A1-A2 &#8211; Buch 1 (Printversion)\"}]},{\"@type\":\"WebSite\",\"@id\":\"https:\\\/\\\/www.ukracademia.com\\\/de\\\/#website\",\"url\":\"https:\\\/\\\/www.ukracademia.com\\\/de\\\/\",\"name\":\"UkrAcademia\",\"description\":\"Learn Ukrainian with us\",\"alternateName\":\"UkrAcademia Learn Ukrainian\",\"potentialAction\":[{\"@type\":\"SearchAction\",\"target\":{\"@type\":\"EntryPoint\",\"urlTemplate\":\"https:\\\/\\\/www.ukracademia.com\\\/de\\\/?s={search_term_string}\"},\"query-input\":{\"@type\":\"PropertyValueSpecification\",\"valueRequired\":true,\"valueName\":\"search_term_string\"}}],\"inLanguage\":\"de\"}]}<\/script>\n<!-- \/ Yoast SEO plugin. -->","yoast_head_json":{"title":"Geschichten auf Ukrainisch: Niveau A1-A2 - Buch 1 (Printversion) - UkrAcademia","description":"Ukrainisch lernen mit fabelhaften Geschichten, deutscher \u00dcbersetzung, Audios und \u00dcbungen \u2013 ideal f\u00fcr Niveau A1\u2013A2.","robots":{"index":"index","follow":"follow","max-snippet":"max-snippet:-1","max-image-preview":"max-image-preview:large","max-video-preview":"max-video-preview:-1"},"canonical":"https:\/\/www.ukracademia.com\/de\/product\/geschichten-auf-ukrainisch-niveau-a1-a2-buch-1-printversion\/","og_locale":"de_DE","og_type":"article","og_title":"Geschichten auf Ukrainisch: Niveau A1-A2 - Buch 1 (Printversion) - UkrAcademia","og_description":"Ukrainisch lernen mit fabelhaften Geschichten, deutscher \u00dcbersetzung, Audios und \u00dcbungen \u2013 ideal f\u00fcr Niveau A1\u2013A2.","og_url":"https:\/\/www.ukracademia.com\/de\/product\/geschichten-auf-ukrainisch-niveau-a1-a2-buch-1-printversion\/","og_site_name":"UkrAcademia","article_modified_time":"2026-04-06T07:37:57+00:00","og_image":[{"width":1194,"height":1194,"url":"https:\/\/www.ukracademia.com\/wp-content\/uploads\/ABOOK_A1_A2_01_UK_DE_papel.jpg","type":"image\/jpeg"}],"twitter_card":"summary_large_image","twitter_misc":{"Gesch\u00e4tzte Lesezeit":"2\u00a0Minuten"},"schema":{"@context":"https:\/\/schema.org","@graph":[{"@type":"WebPage","@id":"https:\/\/www.ukracademia.com\/de\/product\/geschichten-auf-ukrainisch-niveau-a1-a2-buch-1-printversion\/","url":"https:\/\/www.ukracademia.com\/de\/product\/geschichten-auf-ukrainisch-niveau-a1-a2-buch-1-printversion\/","name":"Geschichten auf Ukrainisch: Niveau A1-A2 - Buch 1 (Printversion) - UkrAcademia","isPartOf":{"@id":"https:\/\/www.ukracademia.com\/de\/#website"},"primaryImageOfPage":{"@id":"https:\/\/www.ukracademia.com\/de\/product\/geschichten-auf-ukrainisch-niveau-a1-a2-buch-1-printversion\/#primaryimage"},"image":{"@id":"https:\/\/www.ukracademia.com\/de\/product\/geschichten-auf-ukrainisch-niveau-a1-a2-buch-1-printversion\/#primaryimage"},"thumbnailUrl":"https:\/\/www.ukracademia.com\/wp-content\/uploads\/ABOOK_A1_A2_01_UK_DE_papel.jpg","datePublished":"2025-06-13T13:41:15+00:00","dateModified":"2026-04-06T07:37:57+00:00","description":"Ukrainisch lernen mit fabelhaften Geschichten, deutscher \u00dcbersetzung, Audios und \u00dcbungen \u2013 ideal f\u00fcr Niveau A1\u2013A2.","breadcrumb":{"@id":"https:\/\/www.ukracademia.com\/de\/product\/geschichten-auf-ukrainisch-niveau-a1-a2-buch-1-printversion\/#breadcrumb"},"inLanguage":"de","potentialAction":[{"@type":"ReadAction","target":["https:\/\/www.ukracademia.com\/de\/product\/geschichten-auf-ukrainisch-niveau-a1-a2-buch-1-printversion\/"]}]},{"@type":"ImageObject","inLanguage":"de","@id":"https:\/\/www.ukracademia.com\/de\/product\/geschichten-auf-ukrainisch-niveau-a1-a2-buch-1-printversion\/#primaryimage","url":"https:\/\/www.ukracademia.com\/wp-content\/uploads\/ABOOK_A1_A2_01_UK_DE_papel.jpg","contentUrl":"https:\/\/www.ukracademia.com\/wp-content\/uploads\/ABOOK_A1_A2_01_UK_DE_papel.jpg","width":1194,"height":1194},{"@type":"BreadcrumbList","@id":"https:\/\/www.ukracademia.com\/de\/product\/geschichten-auf-ukrainisch-niveau-a1-a2-buch-1-printversion\/#breadcrumb","itemListElement":[{"@type":"ListItem","position":1,"name":"Home","item":"https:\/\/www.ukracademia.com\/de\/"},{"@type":"ListItem","position":2,"name":"Shop","item":"https:\/\/www.ukracademia.com\/shop\/"},{"@type":"ListItem","position":3,"name":"Geschichten auf Ukrainisch: Niveau A1-A2 &#8211; Buch 1 (Printversion)"}]},{"@type":"WebSite","@id":"https:\/\/www.ukracademia.com\/de\/#website","url":"https:\/\/www.ukracademia.com\/de\/","name":"UkrAcademia","description":"Learn Ukrainian with us","alternateName":"UkrAcademia Learn Ukrainian","potentialAction":[{"@type":"SearchAction","target":{"@type":"EntryPoint","urlTemplate":"https:\/\/www.ukracademia.com\/de\/?s={search_term_string}"},"query-input":{"@type":"PropertyValueSpecification","valueRequired":true,"valueName":"search_term_string"}}],"inLanguage":"de"}]}},"jetpack_sharing_enabled":true,"_links":{"self":[{"href":"https:\/\/www.ukracademia.com\/de\/wp-json\/wp\/v2\/product\/42310","targetHints":{"allow":["GET"]}}],"collection":[{"href":"https:\/\/www.ukracademia.com\/de\/wp-json\/wp\/v2\/product"}],"about":[{"href":"https:\/\/www.ukracademia.com\/de\/wp-json\/wp\/v2\/types\/product"}],"replies":[{"embeddable":true,"href":"https:\/\/www.ukracademia.com\/de\/wp-json\/wp\/v2\/comments?post=42310"}],"wp:featuredmedia":[{"embeddable":true,"href":"https:\/\/www.ukracademia.com\/de\/wp-json\/wp\/v2\/media\/42316"}],"wp:attachment":[{"href":"https:\/\/www.ukracademia.com\/de\/wp-json\/wp\/v2\/media?parent=42310"}],"wp:term":[{"taxonomy":"product_brand","embeddable":true,"href":"https:\/\/www.ukracademia.com\/de\/wp-json\/wp\/v2\/product_brand?post=42310"},{"taxonomy":"product_cat","embeddable":true,"href":"https:\/\/www.ukracademia.com\/de\/wp-json\/wp\/v2\/product_cat?post=42310"},{"taxonomy":"product_tag","embeddable":true,"href":"https:\/\/www.ukracademia.com\/de\/wp-json\/wp\/v2\/product_tag?post=42310"}],"curies":[{"name":"wp","href":"https:\/\/api.w.org\/{rel}","templated":true}]}}