{"id":42322,"date":"2025-06-13T15:55:09","date_gmt":"2025-06-13T13:55:09","guid":{"rendered":"https:\/\/www.ukracademia.com\/?post_type=product&#038;p=42322"},"modified":"2025-07-29T15:44:17","modified_gmt":"2025-07-29T13:44:17","slug":"geschichten-auf-ukrainisch-niveau-b1-b2-buch-1-pack","status":"publish","type":"product","link":"https:\/\/www.ukracademia.com\/de\/product\/geschichten-auf-ukrainisch-niveau-b1-b2-buch-1-pack\/","title":{"rendered":"Geschichten auf Ukrainisch: Niveau B1-B2 Buch 1 (Pack Ebook + Printversionen)"},"content":{"rendered":"<div class=\"container-fluid\">\r\n   \r\n<\/div>\r\n","protected":false},"excerpt":{"rendered":"<div class=\"container-fluid\">\r\n   <div class=\"row\">\r\n      <div class=\"col-xs-12\">\r\n         <!-- este div es la descripcion para Google Shopping-->\r\n         <div hidden=\"\">\r\n            <p>Verbessere dein Ukrainisch mit dieser Geschichtensammlung f\u00dcr Lerner der Mittelstufe. Genie\u00dfe unterhaltsame ukrainische Texte mit deutscher \u00dcbersetzung und hochwertigen Audios.<\/p>\r\n         <\/div>\r\n         <!-- fin de la descripci\u00f3n para Google Shooping-->\r\n         <div class=\"etiquetas-productos\">\r\n            <p><span class=\"ep-nivel B1-B2\">Niveau: B1-B2<\/span><span class=\"ep-formato\">Ebook + Audio<\/span><span class=\"ep-extras\">66 Seiten<\/span><\/p>\r\n         <\/div>\r\n         <p>Verbessere dein Spanisch mit dieser Geschichtensammlung f\u00fcr Lerner der Mittelstufe. Die spannenden spanischen Texte mit deutscher \u00dcbersetzung, hochwertigen Audios und \u00dcbungen bringen dein Spanisch deutlich voran. Inhalt:<\/p>\r\n         <ul>\r\n            <li>Ein guter Wein<\/li>\r\n            <li>Teamwork<\/li>\r\n            <li>Die Pralinenschachtel<\/li>\r\n            <li>Nachbarinnen<\/li>\r\n            <li>Das Gl\u00fcck ist relativ<\/li>\r\n            <li>Ein gro\u00dfartiger Freund<\/li>\r\n         <\/ul>\r\n         [imagenes_tipo_libro]\r\n      <\/div>\r\n   <\/div>\r\n<\/div>","protected":false},"featured_media":36040,"comment_status":"open","ping_status":"closed","template":"","meta":[],"product_brand":[],"product_cat":[65,69,97,68],"product_tag":[],"class_list":{"0":"post-42322","1":"product","2":"type-product","3":"status-publish","4":"has-post-thumbnail","6":"product_cat-bucher-zum-ukrainischlernen","7":"product_cat-geschichten","8":"product_cat-pack_de","9":"product_cat-ukrainische-buecher-mit-audio","11":"first","12":"instock","13":"downloadable","14":"taxable","15":"shipping-taxable","16":"purchasable","17":"product-type-simple"},"yoast_head":"<!-- This site is optimized with the Yoast SEO plugin v27.4 - https:\/\/yoast.com\/product\/yoast-seo-wordpress\/ -->\n<title>Geschichten auf Ukrainisch: Niveau B1-B2 Buch 1 (Pack Ebook + Printversionen) - UkrAcademia<\/title>\n<meta name=\"description\" content=\"B\u00fccher zum Ukrainischlernen. Dein Lernpaket: \u00dcbersetzung + Audio + Online-Campus 1. Kaufe dein Buch 2. Lesen, h\u00f6ren, lernen 3. Mach den Online-Kurs\" \/>\n<meta name=\"robots\" content=\"noindex, follow\" \/>\n<meta property=\"og:locale\" content=\"de_DE\" \/>\n<meta property=\"og:type\" content=\"article\" \/>\n<meta property=\"og:title\" content=\"Geschichten auf Ukrainisch: Niveau B1-B2 Buch 1 (Pack Ebook + Printversionen) - UkrAcademia\" \/>\n<meta property=\"og:description\" content=\"B\u00fccher zum Ukrainischlernen. Dein Lernpaket: \u00dcbersetzung + Audio + Online-Campus 1. Kaufe dein Buch 2. Lesen, h\u00f6ren, lernen 3. Mach den Online-Kurs\" \/>\n<meta property=\"og:url\" content=\"https:\/\/www.ukracademia.com\/de\/product\/geschichten-auf-ukrainisch-niveau-b1-b2-buch-1-pack\/\" \/>\n<meta property=\"og:site_name\" content=\"UkrAcademia\" \/>\n<meta property=\"article:modified_time\" content=\"2025-07-29T13:44:17+00:00\" \/>\n<meta property=\"og:image\" content=\"https:\/\/www.ukracademia.com\/wp-content\/uploads\/packproductos.jpg\" \/>\n\t<meta property=\"og:image:width\" content=\"1194\" \/>\n\t<meta property=\"og:image:height\" content=\"1194\" \/>\n\t<meta property=\"og:image:type\" content=\"image\/jpeg\" \/>\n<meta name=\"twitter:card\" content=\"summary_large_image\" \/>\n<script type=\"application\/ld+json\" class=\"yoast-schema-graph\">{\"@context\":\"https:\\\/\\\/schema.org\",\"@graph\":[{\"@type\":\"WebPage\",\"@id\":\"https:\\\/\\\/www.ukracademia.com\\\/de\\\/product\\\/geschichten-auf-ukrainisch-niveau-b1-b2-buch-1-pack\\\/\",\"url\":\"https:\\\/\\\/www.ukracademia.com\\\/de\\\/product\\\/geschichten-auf-ukrainisch-niveau-b1-b2-buch-1-pack\\\/\",\"name\":\"Geschichten auf Ukrainisch: Niveau B1-B2 Buch 1 (Pack Ebook + Printversionen) - UkrAcademia\",\"isPartOf\":{\"@id\":\"https:\\\/\\\/www.ukracademia.com\\\/de\\\/#website\"},\"primaryImageOfPage\":{\"@id\":\"https:\\\/\\\/www.ukracademia.com\\\/de\\\/product\\\/geschichten-auf-ukrainisch-niveau-b1-b2-buch-1-pack\\\/#primaryimage\"},\"image\":{\"@id\":\"https:\\\/\\\/www.ukracademia.com\\\/de\\\/product\\\/geschichten-auf-ukrainisch-niveau-b1-b2-buch-1-pack\\\/#primaryimage\"},\"thumbnailUrl\":\"https:\\\/\\\/www.ukracademia.com\\\/wp-content\\\/uploads\\\/packproductos.jpg\",\"datePublished\":\"2025-06-13T13:55:09+00:00\",\"dateModified\":\"2025-07-29T13:44:17+00:00\",\"description\":\"B\u00fccher zum Ukrainischlernen. Dein Lernpaket: \u00dcbersetzung + Audio + Online-Campus 1. Kaufe dein Buch 2. Lesen, h\u00f6ren, lernen 3. Mach den Online-Kurs\",\"breadcrumb\":{\"@id\":\"https:\\\/\\\/www.ukracademia.com\\\/de\\\/product\\\/geschichten-auf-ukrainisch-niveau-b1-b2-buch-1-pack\\\/#breadcrumb\"},\"inLanguage\":\"de\",\"potentialAction\":[{\"@type\":\"ReadAction\",\"target\":[\"https:\\\/\\\/www.ukracademia.com\\\/de\\\/product\\\/geschichten-auf-ukrainisch-niveau-b1-b2-buch-1-pack\\\/\"]}]},{\"@type\":\"ImageObject\",\"inLanguage\":\"de\",\"@id\":\"https:\\\/\\\/www.ukracademia.com\\\/de\\\/product\\\/geschichten-auf-ukrainisch-niveau-b1-b2-buch-1-pack\\\/#primaryimage\",\"url\":\"https:\\\/\\\/www.ukracademia.com\\\/wp-content\\\/uploads\\\/packproductos.jpg\",\"contentUrl\":\"https:\\\/\\\/www.ukracademia.com\\\/wp-content\\\/uploads\\\/packproductos.jpg\",\"width\":1194,\"height\":1194,\"caption\":\"Learn Ukrainian\"},{\"@type\":\"BreadcrumbList\",\"@id\":\"https:\\\/\\\/www.ukracademia.com\\\/de\\\/product\\\/geschichten-auf-ukrainisch-niveau-b1-b2-buch-1-pack\\\/#breadcrumb\",\"itemListElement\":[{\"@type\":\"ListItem\",\"position\":1,\"name\":\"Home\",\"item\":\"https:\\\/\\\/www.ukracademia.com\\\/de\\\/\"},{\"@type\":\"ListItem\",\"position\":2,\"name\":\"Shop\",\"item\":\"https:\\\/\\\/www.ukracademia.com\\\/shop\\\/\"},{\"@type\":\"ListItem\",\"position\":3,\"name\":\"Geschichten auf Ukrainisch: Niveau B1-B2 Buch 1 (Pack Ebook + Printversionen)\"}]},{\"@type\":\"WebSite\",\"@id\":\"https:\\\/\\\/www.ukracademia.com\\\/de\\\/#website\",\"url\":\"https:\\\/\\\/www.ukracademia.com\\\/de\\\/\",\"name\":\"UkrAcademia\",\"description\":\"Learn Ukrainian with us\",\"alternateName\":\"UkrAcademia Learn Ukrainian\",\"potentialAction\":[{\"@type\":\"SearchAction\",\"target\":{\"@type\":\"EntryPoint\",\"urlTemplate\":\"https:\\\/\\\/www.ukracademia.com\\\/de\\\/?s={search_term_string}\"},\"query-input\":{\"@type\":\"PropertyValueSpecification\",\"valueRequired\":true,\"valueName\":\"search_term_string\"}}],\"inLanguage\":\"de\"}]}<\/script>\n<!-- \/ Yoast SEO plugin. -->","yoast_head_json":{"title":"Geschichten auf Ukrainisch: Niveau B1-B2 Buch 1 (Pack Ebook + Printversionen) - UkrAcademia","description":"B\u00fccher zum Ukrainischlernen. Dein Lernpaket: \u00dcbersetzung + Audio + Online-Campus 1. Kaufe dein Buch 2. Lesen, h\u00f6ren, lernen 3. Mach den Online-Kurs","robots":{"index":"noindex","follow":"follow"},"og_locale":"de_DE","og_type":"article","og_title":"Geschichten auf Ukrainisch: Niveau B1-B2 Buch 1 (Pack Ebook + Printversionen) - UkrAcademia","og_description":"B\u00fccher zum Ukrainischlernen. Dein Lernpaket: \u00dcbersetzung + Audio + Online-Campus 1. Kaufe dein Buch 2. Lesen, h\u00f6ren, lernen 3. Mach den Online-Kurs","og_url":"https:\/\/www.ukracademia.com\/de\/product\/geschichten-auf-ukrainisch-niveau-b1-b2-buch-1-pack\/","og_site_name":"UkrAcademia","article_modified_time":"2025-07-29T13:44:17+00:00","og_image":[{"width":1194,"height":1194,"url":"https:\/\/www.ukracademia.com\/wp-content\/uploads\/packproductos.jpg","type":"image\/jpeg"}],"twitter_card":"summary_large_image","schema":{"@context":"https:\/\/schema.org","@graph":[{"@type":"WebPage","@id":"https:\/\/www.ukracademia.com\/de\/product\/geschichten-auf-ukrainisch-niveau-b1-b2-buch-1-pack\/","url":"https:\/\/www.ukracademia.com\/de\/product\/geschichten-auf-ukrainisch-niveau-b1-b2-buch-1-pack\/","name":"Geschichten auf Ukrainisch: Niveau B1-B2 Buch 1 (Pack Ebook + Printversionen) - UkrAcademia","isPartOf":{"@id":"https:\/\/www.ukracademia.com\/de\/#website"},"primaryImageOfPage":{"@id":"https:\/\/www.ukracademia.com\/de\/product\/geschichten-auf-ukrainisch-niveau-b1-b2-buch-1-pack\/#primaryimage"},"image":{"@id":"https:\/\/www.ukracademia.com\/de\/product\/geschichten-auf-ukrainisch-niveau-b1-b2-buch-1-pack\/#primaryimage"},"thumbnailUrl":"https:\/\/www.ukracademia.com\/wp-content\/uploads\/packproductos.jpg","datePublished":"2025-06-13T13:55:09+00:00","dateModified":"2025-07-29T13:44:17+00:00","description":"B\u00fccher zum Ukrainischlernen. Dein Lernpaket: \u00dcbersetzung + Audio + Online-Campus 1. Kaufe dein Buch 2. Lesen, h\u00f6ren, lernen 3. Mach den Online-Kurs","breadcrumb":{"@id":"https:\/\/www.ukracademia.com\/de\/product\/geschichten-auf-ukrainisch-niveau-b1-b2-buch-1-pack\/#breadcrumb"},"inLanguage":"de","potentialAction":[{"@type":"ReadAction","target":["https:\/\/www.ukracademia.com\/de\/product\/geschichten-auf-ukrainisch-niveau-b1-b2-buch-1-pack\/"]}]},{"@type":"ImageObject","inLanguage":"de","@id":"https:\/\/www.ukracademia.com\/de\/product\/geschichten-auf-ukrainisch-niveau-b1-b2-buch-1-pack\/#primaryimage","url":"https:\/\/www.ukracademia.com\/wp-content\/uploads\/packproductos.jpg","contentUrl":"https:\/\/www.ukracademia.com\/wp-content\/uploads\/packproductos.jpg","width":1194,"height":1194,"caption":"Learn Ukrainian"},{"@type":"BreadcrumbList","@id":"https:\/\/www.ukracademia.com\/de\/product\/geschichten-auf-ukrainisch-niveau-b1-b2-buch-1-pack\/#breadcrumb","itemListElement":[{"@type":"ListItem","position":1,"name":"Home","item":"https:\/\/www.ukracademia.com\/de\/"},{"@type":"ListItem","position":2,"name":"Shop","item":"https:\/\/www.ukracademia.com\/shop\/"},{"@type":"ListItem","position":3,"name":"Geschichten auf Ukrainisch: Niveau B1-B2 Buch 1 (Pack Ebook + Printversionen)"}]},{"@type":"WebSite","@id":"https:\/\/www.ukracademia.com\/de\/#website","url":"https:\/\/www.ukracademia.com\/de\/","name":"UkrAcademia","description":"Learn Ukrainian with us","alternateName":"UkrAcademia Learn Ukrainian","potentialAction":[{"@type":"SearchAction","target":{"@type":"EntryPoint","urlTemplate":"https:\/\/www.ukracademia.com\/de\/?s={search_term_string}"},"query-input":{"@type":"PropertyValueSpecification","valueRequired":true,"valueName":"search_term_string"}}],"inLanguage":"de"}]}},"jetpack_sharing_enabled":true,"_links":{"self":[{"href":"https:\/\/www.ukracademia.com\/de\/wp-json\/wp\/v2\/product\/42322","targetHints":{"allow":["GET"]}}],"collection":[{"href":"https:\/\/www.ukracademia.com\/de\/wp-json\/wp\/v2\/product"}],"about":[{"href":"https:\/\/www.ukracademia.com\/de\/wp-json\/wp\/v2\/types\/product"}],"replies":[{"embeddable":true,"href":"https:\/\/www.ukracademia.com\/de\/wp-json\/wp\/v2\/comments?post=42322"}],"wp:featuredmedia":[{"embeddable":true,"href":"https:\/\/www.ukracademia.com\/de\/wp-json\/wp\/v2\/media\/36040"}],"wp:attachment":[{"href":"https:\/\/www.ukracademia.com\/de\/wp-json\/wp\/v2\/media?parent=42322"}],"wp:term":[{"taxonomy":"product_brand","embeddable":true,"href":"https:\/\/www.ukracademia.com\/de\/wp-json\/wp\/v2\/product_brand?post=42322"},{"taxonomy":"product_cat","embeddable":true,"href":"https:\/\/www.ukracademia.com\/de\/wp-json\/wp\/v2\/product_cat?post=42322"},{"taxonomy":"product_tag","embeddable":true,"href":"https:\/\/www.ukracademia.com\/de\/wp-json\/wp\/v2\/product_tag?post=42322"}],"curies":[{"name":"wp","href":"https:\/\/api.w.org\/{rel}","templated":true}]}}