{"id":34982,"date":"2024-04-12T11:43:35","date_gmt":"2024-04-12T09:43:35","guid":{"rendered":"https:\/\/www.ukracademia.com\/?post_type=product&#038;p=34982"},"modified":"2026-02-25T12:38:51","modified_gmt":"2026-02-25T11:38:51","slug":"aprende-1000-palabras-en-ucraniano-diccionario-visual-ebook","status":"publish","type":"product","link":"https:\/\/www.ukracademia.com\/es\/product\/aprende-1000-palabras-en-ucraniano-diccionario-visual-ebook\/","title":{"rendered":"Aprende 1000 palabras en ucraniano: Diccionario visual interactivo (ebook)"},"content":{"rendered":"<div class=\"container-fluid\">\r\n   <div class=\"row\">\r\n      <div class=\"col-xs-12\">\r\n         <h2>Lee y escucha un fragmento de nuestro diccinario:<\/h2>\r\n      <\/div>\r\n   <\/div>\r\n   <div class=\"row\">\r\n      <div class=\"col-lg-6 col-md-6 col-sm-6 col-xs-12\">\r\n         <p>Escucha un fragmento de este libro:<\/p>\r\n         <p>\r\n            <audio style=\"color: #95b9c7;\" controls=\"controls\">\r\n               <source src=\"\/wp-content\/uploads\/sample_DIC_1000.mp3\" type=\"audio\/mpeg\">\r\n               Your browser does not support the audio element.\r\n            <\/audio>\r\n         <\/p>\r\n      <\/div>\r\n      <div class=\"col-lg-6 col-md-6 col-sm-6 col-xs-12\">\r\n         <p class=\"hidden-xs\">Lee un fragmento del diccionario. Haz click para ampliar:<\/p>\r\n         <p class=\"hidden-lg hidden-md hidden-sm visible-xs-block\">Lee un fragmento del diccionario:<\/p>\r\n         <div class=\"row mi-galeria-producto\"><a href=\"\/wp-content\/uploads\/sample_DIC_1000_UK_ES_ebook_01.jpg\" data-fancybox=\"gallery\" title=\"Book sample\"><img decoding=\"async\" class=\"col-lg-6 col-md-12 col-sm-12 col-xs-12\" id=\"thumb_296\" src=\"\/wp-content\/uploads\/sample_DIC_1000_UK_ES_ebook_01.jpg\" alt=\"Book sample\" title=\"Book sample\" itemprop=\"image\" \/><\/a> <a href=\"\/wp-content\/uploads\/sample_DIC_1000_UK_ES_ebook_02.jpg\" data-fancybox=\"gallery\" title=\"Book sample\"><img decoding=\"async\" class=\"col-lg-6 col-md-12 col-sm-12 col-xs-12\" id=\"thumb_296\" src=\"\/wp-content\/uploads\/sample_DIC_1000_UK_ES_ebook_02.jpg\" alt=\"Book sample\" title=\"Book sample\" itemprop=\"image\" \/><\/a> <a href=\"\/wp-content\/uploads\/sample_DIC_1000_UK_ES_ebook_03.jpg\" data-fancybox=\"gallery\" title=\"Book sample\"><img decoding=\"async\" class=\"col-lg-6 col-md-12 col-sm-12 col-xs-12\" id=\"thumb_296\" src=\"\/wp-content\/uploads\/sample_DIC_1000_UK_ES_ebook_03.jpg\" alt=\"Book sample\" title=\"Book sample\" itemprop=\"image\" \/><\/a> <a href=\"\/wp-content\/uploads\/sample_DIC_1000_UK_ES_ebook_04.jpg\" data-fancybox=\"gallery\" title=\"Book sample\"><img decoding=\"async\" class=\"col-lg-6 col-md-12 col-sm-12 col-xs-12\" id=\"thumb_296\" src=\"\/wp-content\/uploads\/sample_DIC_1000_UK_ES_ebook_04.jpg\" alt=\"Book sample\" title=\"Book sample\" itemprop=\"image\" \/><\/a><\/div>\r\n      <\/div>\r\n   <\/div>\r\n   <div class=\"row\">\r\n      <div class=\"col-xs-12\">\r\n         <hr \/>\r\n         <h2>Palabras en ucraniano + traducci\u00f3n + transcripci\u00f3n + audio + ejercicios interactivos<\/h2>\r\n         <p>Nuestro diccionario visual en ucraniano con audio y ejercicios es la herramienta perfecta para los principiantes que buscan ampliar su vocabulario. Con 1000 palabras esenciales y actividades atractivas, nuestro diccionario est\u00e1 dise\u00f1ado para que aprender ucraniano sea f\u00e1cil y divertido.<\/p>\r\n         <div class=\"mi-cuadro-importante\">\r\n            <ol>\r\n               <li>M\u00e1s de 1000 palabras con audio profesional<\/li>\r\n               <li>libro electr\u00f3nico en pdf + acceso en l\u00ednea<\/li>\r\n               <li>60 temas diferentes<\/li>\r\n               <li>ejercicios interactivos<\/li>\r\n            <\/ol>\r\n         <\/div>\r\n         <h2>\u00cdndice<\/h2>\r\n         <p>Tendr\u00e1s acceso a 1000 palabras esenciales que aumentar\u00e1n tu confianza en diferentes situaciones en ucraniano. \u00a1Pero dominar 1000 palabras no es poca cosa! Es por eso que hemos hecho de nuestro diccionario visual una experiencia atractiva, divertida y desafiante. <\/p>\r\n         <div class=\"mi-cuadro-importante\">\r\n            <div class=\"row\">\r\n               <div class=\"col-sm-6 col-xs-12\">\r\n                  <h3>En casa<\/h3>\r\n                  <ul>\r\n                     <li>Partes de la casa<\/li>\r\n                     <li>Objetos en casa<\/li>\r\n                     <li>Objetos en el dormitorio<\/li>\r\n                     <li>Objetos en el ba\u00f1o<\/li>\r\n                     <li>Objetos en el sal\u00f3n<\/li>\r\n                     <li>Objetos en la cocina<\/li>\r\n                     <li>Electrodom\u00e9sticos<\/li>\r\n                  <\/ul>\r\n                  <h3>Gente y ropa<\/h3>\r\n                  <ul>\r\n                     <li>Gente, de beb\u00e9 a adulto<\/li>\r\n                     <li>Familia y parientes<\/li>\r\n                     <li>Partes de la cara<\/li>\r\n                     <li>Partes del cuerpo<\/li>\r\n                     <li>Ropa<\/li>\r\n                     <li>Calzado y complementos<\/li>\r\n                  <\/ul>\r\n                  <h3>Animales<\/h3>\r\n                  <ul>\r\n                     <li>Mascotas<\/li>\r\n                     <li>Animales de granja<\/li>\r\n                     <li>Animales salvajes I<\/li>\r\n                     <li>Animales salvajes II<\/li>\r\n                     <li>P\u00e1jaros I<\/li>\r\n                     <li>P\u00e1jaros II<\/li>\r\n                     <li>Insectos<\/li>\r\n                     <li>Reptiles y anfibios<\/li>\r\n                     <li>Vida marina<\/li>\r\n                  <\/ul>\r\n                  <h3>Comida y bebida<\/h3>\r\n                  <ul>\r\n                     <li>Comida<\/li>\r\n                     <li>Bebidas<\/li>\r\n                     <li>Carne y pescado<\/li>\r\n                     <li>Fruta I<\/li>\r\n                     <li>Fruta II<\/li>\r\n                     <li>Verduras I<\/li>\r\n                     <li>Verduras II<\/li>\r\n                     <li>Hierbas y especias<\/li>\r\n                  <\/ul>\r\n                  <h3>Ciudad y transporte<\/h3>\r\n                  <ul>\r\n                     <li>Edificios en la ciudad<\/li>\r\n                     <li>Tiendas en la ciudad<\/li>\r\n                     <li>En la tienda<\/li>\r\n                     <li>Medios de transporte<\/li>\r\n                     <li>En el coche<\/li>\r\n                     <li>En el aeropuerto<\/li>\r\n                  <\/ul>\r\n               <\/div>\r\n               <div class=\"col-sm-6 col-xs-12\">\r\n                  <h3>Trabajo<\/h3>\r\n                  <ul>\r\n                     <li>Profesiones I<\/li>\r\n                     <li>Profesiones II<\/li>\r\n                     <li>En la oficina<\/li>\r\n                     <li>En el taller<\/li>\r\n                  <\/ul>\r\n                  <h3>Mundo y naturaleza<\/h3>\r\n                  <ul>\r\n                     <li>Naturaleza<\/li>\r\n                     <li>Estaciones y clima<\/li>\r\n                     <li>Flores<\/li>\r\n                     <li>Camping<\/li>\r\n                     <li>En la playa<\/li>\r\n                     <li>Materiales<\/li>\r\n                     <li>Geograf\u00eda<\/li>\r\n                     <li>Espacio y universo<\/li>\r\n                  <\/ul>\r\n                  <h3>Estudio y hobbies<\/h3>\r\n                  <ul>\r\n                     <li>En clase<\/li>\r\n                     <li>Asignaturas escolares<\/li>\r\n                     <li>Inform\u00e1tica<\/li>\r\n                     <li>Entretenimiento<\/li>\r\n                     <li>M\u00fasica I<\/li>\r\n                     <li>M\u00fasica II<\/li>\r\n                     <li>Deportes I<\/li>\r\n                     <li>Deportes II<\/li>\r\n                     <li>Juegos<\/li>\r\n                  <\/ul>\r\n                  <h3>Vocabulario b\u00e1sico<\/h3>\r\n                  <ul>\r\n                     <li>Colores y formas<\/li>\r\n                     <li>Verbos I<\/li>\r\n                     <li>Verbos II<\/li>\r\n                     <li>N\u00fameros<\/li>\r\n                  <\/ul>\r\n               <\/div>\r\n            <\/div>\r\n         <\/div>\r\n      <\/div>\r\n   <\/div>\r\n   <div class=\"row\" style=\"margin-top: 7em;\">\n                <div class=\"col-xs-12\">\n                <h2>Campus Online<\/h2>\n                <h3>Este libro de historias incluye un curso con <span class=\"home-subrayado-texto-negro-descripcion-producto\">ejercicios interactivos<\/span><\/h3>\n                <\/div>\n            <\/div>\n\n            <div class=\"row\">\n                <div class=\"col-md-5 col-sm-12\" style=\"margin-top: 3em;\">\n                <p>Al comprar este libro,tendr\u00e1s acceso a nuestro <span class=\"home-subrayado-texto-negro-descripcion-producto\">campus online<\/span> con las siguientes caracter\u00edsticas:<\/p>\n                <p><span class=\"home-pequeno-destaque-descripcion-producto\">Cursos exclusivos con ejercicios interactivos.<\/span>\n                <br>Juegos de vocabulario y otras actividades interactivas para mejorar tu ucraniano.<\/p>\n                <p><span class=\"home-pequeno-destaque-descripcion-producto\">Lector online + reproductor de audio<\/span> <br>Haz clic y comienza a leer sin descargar ning\u00fan archivo. \u00a1Es perfecto para usar con tu tel\u00e9fono!<\/p>\n                <p><span class=\"home-pequeno-destaque-descripcion-producto\">Todos tus libros guardados para siempre<\/span> <br>As\u00ed es. Siempre tendr\u00e1s acceso a tus libros.<\/p>\n                <p><span class=\"home-pequeno-destaque-descripcion-producto\">Comprueba tu progreso<\/span> <br>Una barra de progreso al comienzo de cada libro te indicar\u00e1 qu\u00e9 partes has terminado.<\/p>\n                <\/div>\n                <div class=\"col-md-7 col-sm-12\">\n                <p class=\"home-texto-sobre-imagen-descripcion-producto\">Campus online!<\/p>\n                <img decoding=\"async\" class=\"img-responsive\" src=\"\/wp-content\/uploads\/ukrainian-games-and-exercises-demo-es.png\" alt=\"\u0406\u043d\u0442\u0435\u0440\u0430\u043a\u0442\u0438\u0432\u043d\u0456 \u0432\u043f\u0440\u0430\u0432\u0438\" \/><\/div>\n            <\/div>\n\n            <div class=\"row\">\n                <div class=\"col-xs-12\">\n                <hr \/>\n                <h2>Nuestros libros est\u00e1n creados espec\u00edficamente para estudiantes de ucraniano como lengua extranjera. Estas son sus caracter\u00edsticas principales:<\/h2>\n                <div class=\"mi-cuadro-importante\">\n                    <ol>\n                        <li>Textos paralelos ucraniano-espa\u00f1ol (aprende m\u00e1s r\u00e1pido).<\/li>\n                        <li>Audio profesional en ucraniano (mejora tu comprensi\u00f3n auditiva).<\/li>\n                        <li>Clasificados por nivel (nuestros libros se adaptan a tus necesidades de aprendizaje).<\/li>\n                        <li>Acceso a ejercicios interactivos (pon en pr\u00e1ctica tus conocimientos)<\/li>\n                        <li>Escrito por profesores de ucraniano (somos expertos en el idioma).<\/li>\n                    <\/ol>\n                <\/div>\n                <h2>Textos en ucraniano + traducciones + audio profesional - Todo en uno<\/h2>\n                <p>Aproveche nuestro enfoque \u00fanico para aprender el idioma ucraniano mediante libros. Nos destacamos como la \u00fanica escuela ucraniana que ofrece estos libros para quienes estudian ucraniano como lengua extranjera:<\/p>\n                <ol>\n                    <li>Textos originales creados por ling\u00fcistas.<\/li>\n                    <li>Traducciones para acelerar el proceso de aprendizaje.<\/li>\n                    <li>Escuche a hablantes nativos para mejorar sus habilidades.<\/li>\n                <\/ol>\n                <p>Leer, escuchar y aprender el idioma ucraniano nunca ha sido tan f\u00e1cil. No te pierdas nuestros recursos para aprender ucraniano.<\/p>\n                <h2>Aprende sobre la marcha: aprende ucraniano en cualquier lugar<\/h2>\n                <p>La movilidad es la clave para un aprendizaje exitoso. Disponemos de libros en diferentes formatos: pdf, epub y Kindle. Podr\u00e1s imprimir o leer el libro desde tu PC, port\u00e1til, Mac, iPad, tablet, tel\u00e9fono... Adem\u00e1s, escuchar archivos de audio en formato mp3. \u00a1Estudia est\u00e9s donde est\u00e9s!<\/p>\n                <\/div>\n            <\/div>\r\n<\/div>\r\n","protected":false},"excerpt":{"rendered":"<div class=\"container-fluid\">\r\n   <div class=\"row\">\r\n      <div class=\"col-xs-12\">\r\n         <!-- este div es la descripcion para Google Shopping-->\r\n         <div hidden=\"\">\r\n            <p>Diccionario visual en ucraniano con audio y ejercicios interactivos. Aprende 1000 palabras esenciales en ucraniano.<\/p>\r\n         <\/div>\r\n         <!-- fin de la descripci\u00f3n para Google Shooping-->\r\n                 [etiquetas_producto paginas = 78]\r\n         <p>\u00bfEst\u00e1s listo para aceptar un desaf\u00edo? Compra nuestro diccionario visual con ejercicios interactivos y\r\n            <strong>dominar\u00e1s tus primeras 1000 palabras en ucraniano<\/strong>. \u00a1Descarga el ebook, obt\u00e9n acceso a nuestro\r\n            campus en l\u00ednea y comienza a aprender! Esta es una herramienta perfecta para principiantes que buscan\r\n            desarrollar su vocabulario:<\/p>\r\n         <ol>\r\n            <li>M\u00e1s de 1000 palabras con im\u00e1genes y audio profesional.<\/li>\r\n            <li>60 temas diferentes: hogar, gente, ropa, comida, trabajo,&#8230;<\/li>\r\n            <li>Descarga el libro electr\u00f3nico o lee la versi\u00f3n en l\u00ednea.<\/li>\r\n            <li>Realiza los ejercicios interactivos para aprender cada palabra.<\/li>\r\n         <\/ol>\r\n         [imagenes_tipo_libro]\r\n      <\/div>\r\n   <\/div>\r\n<\/div>","protected":false},"featured_media":34983,"comment_status":"open","ping_status":"closed","template":"","meta":[],"product_brand":[],"product_cat":[89,84,86,83],"product_tag":[],"class_list":{"0":"post-34982","1":"product","2":"type-product","3":"status-publish","4":"has-post-thumbnail","6":"product_cat-diccionarios","7":"product_cat-ebook-libro-digital","8":"product_cat-libros-de-ucraniano-con-audio","9":"product_cat-libros-para-aprender-ucraniano","11":"first","12":"instock","13":"downloadable","14":"virtual","15":"taxable","16":"purchasable","17":"product-type-simple"},"yoast_head":"<!-- This site is optimized with the Yoast SEO plugin v26.0 - https:\/\/yoast.com\/wordpress\/plugins\/seo\/ -->\n<title>Aprende 1000 palabras en ucraniano: Diccionario visual interactivo (ebook) - UkrAcademia<\/title>\n<meta name=\"description\" content=\"Aprende ucraniano de forma divertida con nuestro diccionario visual interactivo, audios y juegos: 1000 palabras A1\u2013A2.\" \/>\n<meta name=\"robots\" content=\"index, follow, max-snippet:-1, max-image-preview:large, max-video-preview:-1\" \/>\n<link rel=\"canonical\" href=\"https:\/\/www.ukracademia.com\/es\/product\/aprende-1000-palabras-en-ucraniano-diccionario-visual-ebook\/\" \/>\n<meta property=\"og:locale\" content=\"es_ES\" \/>\n<meta property=\"og:type\" content=\"article\" \/>\n<meta property=\"og:title\" content=\"Aprende 1000 palabras en ucraniano: Diccionario visual interactivo (ebook) - UkrAcademia\" \/>\n<meta property=\"og:description\" content=\"Aprende ucraniano de forma divertida con nuestro diccionario visual interactivo, audios y juegos: 1000 palabras A1\u2013A2.\" \/>\n<meta property=\"og:url\" content=\"https:\/\/www.ukracademia.com\/es\/product\/aprende-1000-palabras-en-ucraniano-diccionario-visual-ebook\/\" \/>\n<meta property=\"og:site_name\" content=\"UkrAcademia\" \/>\n<meta property=\"article:modified_time\" content=\"2026-02-25T11:38:51+00:00\" \/>\n<meta property=\"og:image\" content=\"https:\/\/www.ukracademia.com\/wp-content\/uploads\/DIC_1000_UK_ES_ebook.jpg\" \/>\n\t<meta property=\"og:image:width\" content=\"1194\" \/>\n\t<meta property=\"og:image:height\" content=\"1194\" \/>\n\t<meta property=\"og:image:type\" content=\"image\/jpeg\" \/>\n<meta name=\"twitter:card\" content=\"summary_large_image\" \/>\n<meta name=\"twitter:label1\" content=\"Tiempo de lectura\" \/>\n\t<meta name=\"twitter:data1\" content=\"3 minutos\" \/>\n<script type=\"application\/ld+json\" class=\"yoast-schema-graph\">{\"@context\":\"https:\/\/schema.org\",\"@graph\":[{\"@type\":\"WebPage\",\"@id\":\"https:\/\/www.ukracademia.com\/es\/product\/aprende-1000-palabras-en-ucraniano-diccionario-visual-ebook\/\",\"url\":\"https:\/\/www.ukracademia.com\/es\/product\/aprende-1000-palabras-en-ucraniano-diccionario-visual-ebook\/\",\"name\":\"Aprende 1000 palabras en ucraniano: Diccionario visual interactivo (ebook) - UkrAcademia\",\"isPartOf\":{\"@id\":\"https:\/\/www.ukracademia.com\/es\/#website\"},\"primaryImageOfPage\":{\"@id\":\"https:\/\/www.ukracademia.com\/es\/product\/aprende-1000-palabras-en-ucraniano-diccionario-visual-ebook\/#primaryimage\"},\"image\":{\"@id\":\"https:\/\/www.ukracademia.com\/es\/product\/aprende-1000-palabras-en-ucraniano-diccionario-visual-ebook\/#primaryimage\"},\"thumbnailUrl\":\"https:\/\/www.ukracademia.com\/wp-content\/uploads\/DIC_1000_UK_ES_ebook.jpg\",\"datePublished\":\"2024-04-12T09:43:35+00:00\",\"dateModified\":\"2026-02-25T11:38:51+00:00\",\"description\":\"Aprende ucraniano de forma divertida con nuestro diccionario visual interactivo, audios y juegos: 1000 palabras A1\u2013A2.\",\"breadcrumb\":{\"@id\":\"https:\/\/www.ukracademia.com\/es\/product\/aprende-1000-palabras-en-ucraniano-diccionario-visual-ebook\/#breadcrumb\"},\"inLanguage\":\"es\",\"potentialAction\":[{\"@type\":\"ReadAction\",\"target\":[\"https:\/\/www.ukracademia.com\/es\/product\/aprende-1000-palabras-en-ucraniano-diccionario-visual-ebook\/\"]}]},{\"@type\":\"ImageObject\",\"inLanguage\":\"es\",\"@id\":\"https:\/\/www.ukracademia.com\/es\/product\/aprende-1000-palabras-en-ucraniano-diccionario-visual-ebook\/#primaryimage\",\"url\":\"https:\/\/www.ukracademia.com\/wp-content\/uploads\/DIC_1000_UK_ES_ebook.jpg\",\"contentUrl\":\"https:\/\/www.ukracademia.com\/wp-content\/uploads\/DIC_1000_UK_ES_ebook.jpg\",\"width\":1194,\"height\":1194,\"caption\":\"Aprende 1000 palabras en ucraniano\"},{\"@type\":\"BreadcrumbList\",\"@id\":\"https:\/\/www.ukracademia.com\/es\/product\/aprende-1000-palabras-en-ucraniano-diccionario-visual-ebook\/#breadcrumb\",\"itemListElement\":[{\"@type\":\"ListItem\",\"position\":1,\"name\":\"Home\",\"item\":\"https:\/\/www.ukracademia.com\/es\/\"},{\"@type\":\"ListItem\",\"position\":2,\"name\":\"Shop\",\"item\":\"https:\/\/www.ukracademia.com\/shop\/\"},{\"@type\":\"ListItem\",\"position\":3,\"name\":\"Aprende 1000 palabras en ucraniano: Diccionario visual interactivo (ebook)\"}]},{\"@type\":\"WebSite\",\"@id\":\"https:\/\/www.ukracademia.com\/es\/#website\",\"url\":\"https:\/\/www.ukracademia.com\/es\/\",\"name\":\"UkrAcademia\",\"description\":\"Learn Ukrainian with us\",\"alternateName\":\"UkrAcademia Learn Ukrainian\",\"potentialAction\":[{\"@type\":\"SearchAction\",\"target\":{\"@type\":\"EntryPoint\",\"urlTemplate\":\"https:\/\/www.ukracademia.com\/es\/?s={search_term_string}\"},\"query-input\":{\"@type\":\"PropertyValueSpecification\",\"valueRequired\":true,\"valueName\":\"search_term_string\"}}],\"inLanguage\":\"es\"}]}<\/script>\n<!-- \/ Yoast SEO plugin. -->","yoast_head_json":{"title":"Aprende 1000 palabras en ucraniano: Diccionario visual interactivo (ebook) - UkrAcademia","description":"Aprende ucraniano de forma divertida con nuestro diccionario visual interactivo, audios y juegos: 1000 palabras A1\u2013A2.","robots":{"index":"index","follow":"follow","max-snippet":"max-snippet:-1","max-image-preview":"max-image-preview:large","max-video-preview":"max-video-preview:-1"},"canonical":"https:\/\/www.ukracademia.com\/es\/product\/aprende-1000-palabras-en-ucraniano-diccionario-visual-ebook\/","og_locale":"es_ES","og_type":"article","og_title":"Aprende 1000 palabras en ucraniano: Diccionario visual interactivo (ebook) - UkrAcademia","og_description":"Aprende ucraniano de forma divertida con nuestro diccionario visual interactivo, audios y juegos: 1000 palabras A1\u2013A2.","og_url":"https:\/\/www.ukracademia.com\/es\/product\/aprende-1000-palabras-en-ucraniano-diccionario-visual-ebook\/","og_site_name":"UkrAcademia","article_modified_time":"2026-02-25T11:38:51+00:00","og_image":[{"width":1194,"height":1194,"url":"https:\/\/www.ukracademia.com\/wp-content\/uploads\/DIC_1000_UK_ES_ebook.jpg","type":"image\/jpeg"}],"twitter_card":"summary_large_image","twitter_misc":{"Tiempo de lectura":"3 minutos"},"schema":{"@context":"https:\/\/schema.org","@graph":[{"@type":"WebPage","@id":"https:\/\/www.ukracademia.com\/es\/product\/aprende-1000-palabras-en-ucraniano-diccionario-visual-ebook\/","url":"https:\/\/www.ukracademia.com\/es\/product\/aprende-1000-palabras-en-ucraniano-diccionario-visual-ebook\/","name":"Aprende 1000 palabras en ucraniano: Diccionario visual interactivo (ebook) - UkrAcademia","isPartOf":{"@id":"https:\/\/www.ukracademia.com\/es\/#website"},"primaryImageOfPage":{"@id":"https:\/\/www.ukracademia.com\/es\/product\/aprende-1000-palabras-en-ucraniano-diccionario-visual-ebook\/#primaryimage"},"image":{"@id":"https:\/\/www.ukracademia.com\/es\/product\/aprende-1000-palabras-en-ucraniano-diccionario-visual-ebook\/#primaryimage"},"thumbnailUrl":"https:\/\/www.ukracademia.com\/wp-content\/uploads\/DIC_1000_UK_ES_ebook.jpg","datePublished":"2024-04-12T09:43:35+00:00","dateModified":"2026-02-25T11:38:51+00:00","description":"Aprende ucraniano de forma divertida con nuestro diccionario visual interactivo, audios y juegos: 1000 palabras A1\u2013A2.","breadcrumb":{"@id":"https:\/\/www.ukracademia.com\/es\/product\/aprende-1000-palabras-en-ucraniano-diccionario-visual-ebook\/#breadcrumb"},"inLanguage":"es","potentialAction":[{"@type":"ReadAction","target":["https:\/\/www.ukracademia.com\/es\/product\/aprende-1000-palabras-en-ucraniano-diccionario-visual-ebook\/"]}]},{"@type":"ImageObject","inLanguage":"es","@id":"https:\/\/www.ukracademia.com\/es\/product\/aprende-1000-palabras-en-ucraniano-diccionario-visual-ebook\/#primaryimage","url":"https:\/\/www.ukracademia.com\/wp-content\/uploads\/DIC_1000_UK_ES_ebook.jpg","contentUrl":"https:\/\/www.ukracademia.com\/wp-content\/uploads\/DIC_1000_UK_ES_ebook.jpg","width":1194,"height":1194,"caption":"Aprende 1000 palabras en ucraniano"},{"@type":"BreadcrumbList","@id":"https:\/\/www.ukracademia.com\/es\/product\/aprende-1000-palabras-en-ucraniano-diccionario-visual-ebook\/#breadcrumb","itemListElement":[{"@type":"ListItem","position":1,"name":"Home","item":"https:\/\/www.ukracademia.com\/es\/"},{"@type":"ListItem","position":2,"name":"Shop","item":"https:\/\/www.ukracademia.com\/shop\/"},{"@type":"ListItem","position":3,"name":"Aprende 1000 palabras en ucraniano: Diccionario visual interactivo (ebook)"}]},{"@type":"WebSite","@id":"https:\/\/www.ukracademia.com\/es\/#website","url":"https:\/\/www.ukracademia.com\/es\/","name":"UkrAcademia","description":"Learn Ukrainian with us","alternateName":"UkrAcademia Learn Ukrainian","potentialAction":[{"@type":"SearchAction","target":{"@type":"EntryPoint","urlTemplate":"https:\/\/www.ukracademia.com\/es\/?s={search_term_string}"},"query-input":{"@type":"PropertyValueSpecification","valueRequired":true,"valueName":"search_term_string"}}],"inLanguage":"es"}]}},"jetpack_sharing_enabled":true,"_links":{"self":[{"href":"https:\/\/www.ukracademia.com\/es\/wp-json\/wp\/v2\/product\/34982","targetHints":{"allow":["GET"]}}],"collection":[{"href":"https:\/\/www.ukracademia.com\/es\/wp-json\/wp\/v2\/product"}],"about":[{"href":"https:\/\/www.ukracademia.com\/es\/wp-json\/wp\/v2\/types\/product"}],"replies":[{"embeddable":true,"href":"https:\/\/www.ukracademia.com\/es\/wp-json\/wp\/v2\/comments?post=34982"}],"wp:featuredmedia":[{"embeddable":true,"href":"https:\/\/www.ukracademia.com\/es\/wp-json\/wp\/v2\/media\/34983"}],"wp:attachment":[{"href":"https:\/\/www.ukracademia.com\/es\/wp-json\/wp\/v2\/media?parent=34982"}],"wp:term":[{"taxonomy":"product_brand","embeddable":true,"href":"https:\/\/www.ukracademia.com\/es\/wp-json\/wp\/v2\/product_brand?post=34982"},{"taxonomy":"product_cat","embeddable":true,"href":"https:\/\/www.ukracademia.com\/es\/wp-json\/wp\/v2\/product_cat?post=34982"},{"taxonomy":"product_tag","embeddable":true,"href":"https:\/\/www.ukracademia.com\/es\/wp-json\/wp\/v2\/product_tag?post=34982"}],"curies":[{"name":"wp","href":"https:\/\/api.w.org\/{rel}","templated":true}]}}