{"id":35607,"date":"2024-06-10T12:42:50","date_gmt":"2024-06-10T10:42:50","guid":{"rendered":"https:\/\/www.ukracademia.com\/?post_type=product&#038;p=35607"},"modified":"2026-04-07T19:14:53","modified_gmt":"2026-04-07T17:14:53","slug":"historias-en-ucraniano-nivel-b1-b2-libro-1-ebook","status":"publish","type":"product","link":"https:\/\/www.ukracademia.com\/es\/product\/historias-en-ucraniano-nivel-b1-b2-libro-1-ebook\/","title":{"rendered":"Historias en ucraniano: Nivel B1-B2 &#8211; Libro1 (ebook)"},"content":{"rendered":"<div class=\"container-fluid\">\r\n   <div class=\"row\">\r\n      <div class=\"col-xs-12\">\r\n         <h2>Lee y escucha un fragmento de este libro:<\/h2>\r\n      <\/div>\r\n   <\/div>\r\n   <div class=\"row\">\r\n      <div class=\"col-lg-6 col-md-6 col-sm-6 col-xs-12\">\r\n         <p>Escucha un fragmento de este libro:<\/p>\r\n         <p>\r\n            <audio style=\"color: #95b9c7;\" controls=\"controls\">\r\n               <source src=\"\/wp-content\/uploads\/sample_ABOOK_B1_B2_01.mp3\" type=\"audio\/mpeg\">\t\t   \r\n               Your browser does not support the audio element.\r\n            <\/audio>            \r\n         <\/p>\r\n      <\/div>\r\n      <div class=\"col-lg-6 col-md-6 col-sm-6 col-xs-12\">\r\n         <p class=\"hidden-xs\">Lee un fragmento de este libro. Haz click para ampliar:<\/p>\r\n         <p class=\"hidden-lg hidden-md hidden-sm visible-xs-block\">Lee un fragmento de este libro:<\/p>\r\n\r\n         <div class=\"row mi-galeria-producto\"><a href=\"\/wp-content\/uploads\/sample_ABOOK_B1_B2_01_UK_ES_ebook_01.jpg\" data-fancybox=\"gallery\" title=\"Book sample\"><img decoding=\"async\" class=\"col-lg-6 col-md-12 col-sm-12 col-xs-12\" id=\"thumb_296\" src=\"\/wp-content\/uploads\/sample_ABOOK_B1_B2_01_UK_ES_ebook_01.jpg\" alt=\"Book sample\" title=\"Book sample\" itemprop=\"image\" \/><\/a> <a href=\"\/wp-content\/uploads\/sample_ABOOK_B1_B2_01_UK_ES_ebook_02.jpg\" data-fancybox=\"gallery\" title=\"Book sample\"><img decoding=\"async\" class=\"col-lg-6 col-md-12 col-sm-12 col-xs-12\" id=\"thumb_296\" src=\"\/wp-content\/uploads\/sample_ABOOK_B1_B2_01_UK_ES_ebook_02.jpg\" alt=\"Book sample\" title=\"Book sample\" itemprop=\"image\" \/><\/a> <a href=\"\/wp-content\/uploads\/sample_ABOOK_B1_B2_01_UK_ES_ebook_03.jpg\" data-fancybox=\"gallery\" title=\"Book sample\"><img decoding=\"async\" class=\"col-lg-6 col-md-12 col-sm-12 col-xs-12\" id=\"thumb_296\" src=\"\/wp-content\/uploads\/sample_ABOOK_B1_B2_01_UK_ES_ebook_03.jpg\" alt=\"Book sample\" title=\"Book sample\" itemprop=\"image\" \/><\/a> <a href=\"\/wp-content\/uploads\/sample_ABOOK_B1_B2_01_UK_ES_ebook_04.jpg\" data-fancybox=\"gallery\" title=\"Book sample\"><img decoding=\"async\" class=\"col-lg-6 col-md-12 col-sm-12 col-xs-12\" id=\"thumb_296\" src=\"\/wp-content\/uploads\/sample_ABOOK_B1_B2_01_UK_ES_ebook_04.jpg\" alt=\"Book sample\" title=\"Book sample\" itemprop=\"image\" \/><\/a><\/div>\r\n      <\/div>\r\n   <\/div>   \r\n   <div class=\"row\" style=\"margin-top: 7em;\">\n                <div class=\"col-xs-12\">\n                <h2>Campus Online<\/h2>\n                <h3>Este libro de historias incluye un curso con <span class=\"home-subrayado-texto-negro-descripcion-producto\">ejercicios interactivos<\/span><\/h3>\n                <\/div>\n            <\/div>\n\n            <div class=\"row\">\n                <div class=\"col-md-5 col-sm-12\" style=\"margin-top: 3em;\">\n                <p>Al comprar este libro,tendr\u00e1s acceso a nuestro <span class=\"home-subrayado-texto-negro-descripcion-producto\">campus online<\/span> con las siguientes caracter\u00edsticas:<\/p>\n                <p><span class=\"home-pequeno-destaque-descripcion-producto\">Cursos exclusivos con ejercicios interactivos.<\/span>\n                <br>Juegos de vocabulario y otras actividades interactivas para mejorar tu ucraniano.<\/p>\n                <p><span class=\"home-pequeno-destaque-descripcion-producto\">Lector online + reproductor de audio<\/span> <br>Haz clic y comienza a leer sin descargar ning\u00fan archivo. \u00a1Es perfecto para usar con tu tel\u00e9fono!<\/p>\n                <p><span class=\"home-pequeno-destaque-descripcion-producto\">Todos tus libros guardados para siempre<\/span> <br>As\u00ed es. Siempre tendr\u00e1s acceso a tus libros.<\/p>\n                <p><span class=\"home-pequeno-destaque-descripcion-producto\">Comprueba tu progreso<\/span> <br>Una barra de progreso al comienzo de cada libro te indicar\u00e1 qu\u00e9 partes has terminado.<\/p>\n                <\/div>\n                <div class=\"col-md-7 col-sm-12\">\n                <p class=\"home-texto-sobre-imagen-descripcion-producto\">Campus online!<\/p>\n                <img decoding=\"async\" class=\"img-responsive\" src=\"\/wp-content\/uploads\/ukrainian-games-and-exercises-demo-es.png\" alt=\"\u0406\u043d\u0442\u0435\u0440\u0430\u043a\u0442\u0438\u0432\u043d\u0456 \u0432\u043f\u0440\u0430\u0432\u0438\" \/><\/div>\n            <\/div>\n\n            <div class=\"row\">\n                <div class=\"col-xs-12\">\n                <hr \/>\n                <h2>Nuestros libros est\u00e1n creados espec\u00edficamente para estudiantes de ucraniano como lengua extranjera. Estas son sus caracter\u00edsticas principales:<\/h2>\n                <div class=\"mi-cuadro-importante\">\n                    <ol>\n                        <li>Textos paralelos ucraniano-espa\u00f1ol (aprende m\u00e1s r\u00e1pido).<\/li>\n                        <li>Audio profesional en ucraniano (mejora tu comprensi\u00f3n auditiva).<\/li>\n                        <li>Clasificados por nivel (nuestros libros se adaptan a tus necesidades de aprendizaje).<\/li>\n                        <li>Acceso a ejercicios interactivos (pon en pr\u00e1ctica tus conocimientos)<\/li>\n                        <li>Escrito por profesores de ucraniano (somos expertos en el idioma).<\/li>\n                    <\/ol>\n                <\/div>\n                <h2>Textos en ucraniano + traducciones + audio profesional - Todo en uno<\/h2>\n                <p>Aproveche nuestro enfoque \u00fanico para aprender el idioma ucraniano mediante libros. Nos destacamos como la \u00fanica escuela ucraniana que ofrece estos libros para quienes estudian ucraniano como lengua extranjera:<\/p>\n                <ol>\n                    <li>Textos originales creados por ling\u00fcistas.<\/li>\n                    <li>Traducciones para acelerar el proceso de aprendizaje.<\/li>\n                    <li>Escuche a hablantes nativos para mejorar sus habilidades.<\/li>\n                <\/ol>\n                <p>Leer, escuchar y aprender el idioma ucraniano nunca ha sido tan f\u00e1cil. No te pierdas nuestros recursos para aprender ucraniano.<\/p>\n                <h2>Aprende sobre la marcha: aprende ucraniano en cualquier lugar<\/h2>\n                <p>La movilidad es la clave para un aprendizaje exitoso. Disponemos de libros en diferentes formatos: pdf, epub y Kindle. Podr\u00e1s imprimir o leer el libro desde tu PC, port\u00e1til, Mac, iPad, tablet, tel\u00e9fono... Adem\u00e1s, escuchar archivos de audio en formato mp3. \u00a1Estudia est\u00e9s donde est\u00e9s!<\/p>\n                <\/div>\n            <\/div>\r\n<\/div>","protected":false},"excerpt":{"rendered":"<div class=\"container-fluid\">\r\n    <div class=\"row\">\r\n       <div class=\"col-xs-12\">\r\n          <!-- este div es la descripcion para Google Shopping-->\r\n          <div hidden=\"\">\r\n            <p>Mejora tu ucraniano con este libro de historias creadas espec\u00edficamente para estudiantes de nivel medio. Descubre nuestros textos biling\u00fces en ucraniano con audio profesional.<\/p>\r\n          <\/div>\r\n          <!-- fin de la descripci\u00f3n para Google Shoping-->\r\n [etiquetas_producto paginas = 66]\r\n          <p>Mejora tu ucraniano con este libro de historias creadas espec\u00edficamente para estudiantes de <strong>nivel medio<\/strong>. Descubre nuestros <strong>textos biling\u00fces<\/strong> en ucraniano con <strong>audio profesional<\/strong>. Mejora tu nivel mientras disfrutas de estas historias:\r\n        <p>\r\n<ul>\r\n            <li>Un vino caro<\/li>\r\n            <li>Trabajo en equipo<\/li>\r\n            <li>La caja de bombones<\/li>\r\n            <li>Vecinas<\/li>\r\n            <li>El fil\u00f3sofo y la felicidad<\/li>\r\n            <li>Un amigo \u00fatil<\/li>\r\n         <\/ul>\r\n        [imagenes_tipo_libro]\r\n      <\/div>\r\n   <\/div>\r\n<\/div>","protected":false},"featured_media":35595,"comment_status":"open","ping_status":"closed","template":"","meta":[],"product_brand":[],"product_cat":[84,88,86,83],"product_tag":[],"class_list":{"0":"post-35607","1":"product","2":"type-product","3":"status-publish","4":"has-post-thumbnail","6":"product_cat-ebook-libro-digital","7":"product_cat-historias","8":"product_cat-libros-de-ucraniano-con-audio","9":"product_cat-libros-para-aprender-ucraniano","11":"first","12":"instock","13":"downloadable","14":"virtual","15":"taxable","16":"purchasable","17":"product-type-simple"},"yoast_head":"<!-- This site is optimized with the Yoast SEO plugin v27.4 - https:\/\/yoast.com\/product\/yoast-seo-wordpress\/ -->\n<title>Historias en ucraniano: Nivel B1-B2 - Libro1 (ebook) - UkrAcademia<\/title>\n<meta name=\"description\" content=\"Mejora tu ucraniano con textos biling\u00fces ucraniano-espa\u00f1ol y audio profesional. Aprende de forma amena y mejora tu nivel.\" \/>\n<meta name=\"robots\" content=\"index, follow, max-snippet:-1, max-image-preview:large, max-video-preview:-1\" \/>\n<link rel=\"canonical\" href=\"https:\/\/www.ukracademia.com\/es\/product\/historias-en-ucraniano-nivel-b1-b2-libro-1-ebook\/\" \/>\n<meta property=\"og:locale\" content=\"es_ES\" \/>\n<meta property=\"og:type\" content=\"article\" \/>\n<meta property=\"og:title\" content=\"Historias en ucraniano: Nivel B1-B2 - Libro1 (ebook) - UkrAcademia\" \/>\n<meta property=\"og:description\" content=\"Mejora tu ucraniano con textos biling\u00fces ucraniano-espa\u00f1ol y audio profesional. Aprende de forma amena y mejora tu nivel.\" \/>\n<meta property=\"og:url\" content=\"https:\/\/www.ukracademia.com\/es\/product\/historias-en-ucraniano-nivel-b1-b2-libro-1-ebook\/\" \/>\n<meta property=\"og:site_name\" content=\"UkrAcademia\" \/>\n<meta property=\"article:modified_time\" content=\"2026-04-07T17:14:53+00:00\" \/>\n<meta property=\"og:image\" content=\"https:\/\/www.ukracademia.com\/wp-content\/uploads\/ABOOK_B1_B2_01_UK_ES_ebook.jpg\" \/>\n\t<meta property=\"og:image:width\" content=\"1194\" \/>\n\t<meta property=\"og:image:height\" content=\"1194\" \/>\n\t<meta property=\"og:image:type\" content=\"image\/jpeg\" \/>\n<meta name=\"twitter:card\" content=\"summary_large_image\" \/>\n<meta name=\"twitter:label1\" content=\"Tiempo de lectura\" \/>\n\t<meta name=\"twitter:data1\" content=\"2 minutos\" \/>\n<script type=\"application\/ld+json\" class=\"yoast-schema-graph\">{\"@context\":\"https:\\\/\\\/schema.org\",\"@graph\":[{\"@type\":\"WebPage\",\"@id\":\"https:\\\/\\\/www.ukracademia.com\\\/es\\\/product\\\/historias-en-ucraniano-nivel-b1-b2-libro-1-ebook\\\/\",\"url\":\"https:\\\/\\\/www.ukracademia.com\\\/es\\\/product\\\/historias-en-ucraniano-nivel-b1-b2-libro-1-ebook\\\/\",\"name\":\"Historias en ucraniano: Nivel B1-B2 - Libro1 (ebook) - UkrAcademia\",\"isPartOf\":{\"@id\":\"https:\\\/\\\/www.ukracademia.com\\\/es\\\/#website\"},\"primaryImageOfPage\":{\"@id\":\"https:\\\/\\\/www.ukracademia.com\\\/es\\\/product\\\/historias-en-ucraniano-nivel-b1-b2-libro-1-ebook\\\/#primaryimage\"},\"image\":{\"@id\":\"https:\\\/\\\/www.ukracademia.com\\\/es\\\/product\\\/historias-en-ucraniano-nivel-b1-b2-libro-1-ebook\\\/#primaryimage\"},\"thumbnailUrl\":\"https:\\\/\\\/www.ukracademia.com\\\/wp-content\\\/uploads\\\/ABOOK_B1_B2_01_UK_ES_ebook.jpg\",\"datePublished\":\"2024-06-10T10:42:50+00:00\",\"dateModified\":\"2026-04-07T17:14:53+00:00\",\"description\":\"Mejora tu ucraniano con textos biling\u00fces ucraniano-espa\u00f1ol y audio profesional. Aprende de forma amena y mejora tu nivel.\",\"breadcrumb\":{\"@id\":\"https:\\\/\\\/www.ukracademia.com\\\/es\\\/product\\\/historias-en-ucraniano-nivel-b1-b2-libro-1-ebook\\\/#breadcrumb\"},\"inLanguage\":\"es\",\"potentialAction\":[{\"@type\":\"ReadAction\",\"target\":[\"https:\\\/\\\/www.ukracademia.com\\\/es\\\/product\\\/historias-en-ucraniano-nivel-b1-b2-libro-1-ebook\\\/\"]}]},{\"@type\":\"ImageObject\",\"inLanguage\":\"es\",\"@id\":\"https:\\\/\\\/www.ukracademia.com\\\/es\\\/product\\\/historias-en-ucraniano-nivel-b1-b2-libro-1-ebook\\\/#primaryimage\",\"url\":\"https:\\\/\\\/www.ukracademia.com\\\/wp-content\\\/uploads\\\/ABOOK_B1_B2_01_UK_ES_ebook.jpg\",\"contentUrl\":\"https:\\\/\\\/www.ukracademia.com\\\/wp-content\\\/uploads\\\/ABOOK_B1_B2_01_UK_ES_ebook.jpg\",\"width\":1194,\"height\":1194},{\"@type\":\"BreadcrumbList\",\"@id\":\"https:\\\/\\\/www.ukracademia.com\\\/es\\\/product\\\/historias-en-ucraniano-nivel-b1-b2-libro-1-ebook\\\/#breadcrumb\",\"itemListElement\":[{\"@type\":\"ListItem\",\"position\":1,\"name\":\"Home\",\"item\":\"https:\\\/\\\/www.ukracademia.com\\\/es\\\/\"},{\"@type\":\"ListItem\",\"position\":2,\"name\":\"Shop\",\"item\":\"https:\\\/\\\/www.ukracademia.com\\\/shop\\\/\"},{\"@type\":\"ListItem\",\"position\":3,\"name\":\"Historias en ucraniano: Nivel B1-B2 &#8211; Libro1 (ebook)\"}]},{\"@type\":\"WebSite\",\"@id\":\"https:\\\/\\\/www.ukracademia.com\\\/es\\\/#website\",\"url\":\"https:\\\/\\\/www.ukracademia.com\\\/es\\\/\",\"name\":\"UkrAcademia\",\"description\":\"Learn Ukrainian with us\",\"alternateName\":\"UkrAcademia Learn Ukrainian\",\"potentialAction\":[{\"@type\":\"SearchAction\",\"target\":{\"@type\":\"EntryPoint\",\"urlTemplate\":\"https:\\\/\\\/www.ukracademia.com\\\/es\\\/?s={search_term_string}\"},\"query-input\":{\"@type\":\"PropertyValueSpecification\",\"valueRequired\":true,\"valueName\":\"search_term_string\"}}],\"inLanguage\":\"es\"}]}<\/script>\n<!-- \/ Yoast SEO plugin. -->","yoast_head_json":{"title":"Historias en ucraniano: Nivel B1-B2 - Libro1 (ebook) - UkrAcademia","description":"Mejora tu ucraniano con textos biling\u00fces ucraniano-espa\u00f1ol y audio profesional. Aprende de forma amena y mejora tu nivel.","robots":{"index":"index","follow":"follow","max-snippet":"max-snippet:-1","max-image-preview":"max-image-preview:large","max-video-preview":"max-video-preview:-1"},"canonical":"https:\/\/www.ukracademia.com\/es\/product\/historias-en-ucraniano-nivel-b1-b2-libro-1-ebook\/","og_locale":"es_ES","og_type":"article","og_title":"Historias en ucraniano: Nivel B1-B2 - Libro1 (ebook) - UkrAcademia","og_description":"Mejora tu ucraniano con textos biling\u00fces ucraniano-espa\u00f1ol y audio profesional. Aprende de forma amena y mejora tu nivel.","og_url":"https:\/\/www.ukracademia.com\/es\/product\/historias-en-ucraniano-nivel-b1-b2-libro-1-ebook\/","og_site_name":"UkrAcademia","article_modified_time":"2026-04-07T17:14:53+00:00","og_image":[{"width":1194,"height":1194,"url":"https:\/\/www.ukracademia.com\/wp-content\/uploads\/ABOOK_B1_B2_01_UK_ES_ebook.jpg","type":"image\/jpeg"}],"twitter_card":"summary_large_image","twitter_misc":{"Tiempo de lectura":"2 minutos"},"schema":{"@context":"https:\/\/schema.org","@graph":[{"@type":"WebPage","@id":"https:\/\/www.ukracademia.com\/es\/product\/historias-en-ucraniano-nivel-b1-b2-libro-1-ebook\/","url":"https:\/\/www.ukracademia.com\/es\/product\/historias-en-ucraniano-nivel-b1-b2-libro-1-ebook\/","name":"Historias en ucraniano: Nivel B1-B2 - Libro1 (ebook) - UkrAcademia","isPartOf":{"@id":"https:\/\/www.ukracademia.com\/es\/#website"},"primaryImageOfPage":{"@id":"https:\/\/www.ukracademia.com\/es\/product\/historias-en-ucraniano-nivel-b1-b2-libro-1-ebook\/#primaryimage"},"image":{"@id":"https:\/\/www.ukracademia.com\/es\/product\/historias-en-ucraniano-nivel-b1-b2-libro-1-ebook\/#primaryimage"},"thumbnailUrl":"https:\/\/www.ukracademia.com\/wp-content\/uploads\/ABOOK_B1_B2_01_UK_ES_ebook.jpg","datePublished":"2024-06-10T10:42:50+00:00","dateModified":"2026-04-07T17:14:53+00:00","description":"Mejora tu ucraniano con textos biling\u00fces ucraniano-espa\u00f1ol y audio profesional. Aprende de forma amena y mejora tu nivel.","breadcrumb":{"@id":"https:\/\/www.ukracademia.com\/es\/product\/historias-en-ucraniano-nivel-b1-b2-libro-1-ebook\/#breadcrumb"},"inLanguage":"es","potentialAction":[{"@type":"ReadAction","target":["https:\/\/www.ukracademia.com\/es\/product\/historias-en-ucraniano-nivel-b1-b2-libro-1-ebook\/"]}]},{"@type":"ImageObject","inLanguage":"es","@id":"https:\/\/www.ukracademia.com\/es\/product\/historias-en-ucraniano-nivel-b1-b2-libro-1-ebook\/#primaryimage","url":"https:\/\/www.ukracademia.com\/wp-content\/uploads\/ABOOK_B1_B2_01_UK_ES_ebook.jpg","contentUrl":"https:\/\/www.ukracademia.com\/wp-content\/uploads\/ABOOK_B1_B2_01_UK_ES_ebook.jpg","width":1194,"height":1194},{"@type":"BreadcrumbList","@id":"https:\/\/www.ukracademia.com\/es\/product\/historias-en-ucraniano-nivel-b1-b2-libro-1-ebook\/#breadcrumb","itemListElement":[{"@type":"ListItem","position":1,"name":"Home","item":"https:\/\/www.ukracademia.com\/es\/"},{"@type":"ListItem","position":2,"name":"Shop","item":"https:\/\/www.ukracademia.com\/shop\/"},{"@type":"ListItem","position":3,"name":"Historias en ucraniano: Nivel B1-B2 &#8211; Libro1 (ebook)"}]},{"@type":"WebSite","@id":"https:\/\/www.ukracademia.com\/es\/#website","url":"https:\/\/www.ukracademia.com\/es\/","name":"UkrAcademia","description":"Learn Ukrainian with us","alternateName":"UkrAcademia Learn Ukrainian","potentialAction":[{"@type":"SearchAction","target":{"@type":"EntryPoint","urlTemplate":"https:\/\/www.ukracademia.com\/es\/?s={search_term_string}"},"query-input":{"@type":"PropertyValueSpecification","valueRequired":true,"valueName":"search_term_string"}}],"inLanguage":"es"}]}},"jetpack_sharing_enabled":true,"_links":{"self":[{"href":"https:\/\/www.ukracademia.com\/es\/wp-json\/wp\/v2\/product\/35607","targetHints":{"allow":["GET"]}}],"collection":[{"href":"https:\/\/www.ukracademia.com\/es\/wp-json\/wp\/v2\/product"}],"about":[{"href":"https:\/\/www.ukracademia.com\/es\/wp-json\/wp\/v2\/types\/product"}],"replies":[{"embeddable":true,"href":"https:\/\/www.ukracademia.com\/es\/wp-json\/wp\/v2\/comments?post=35607"}],"wp:featuredmedia":[{"embeddable":true,"href":"https:\/\/www.ukracademia.com\/es\/wp-json\/wp\/v2\/media\/35595"}],"wp:attachment":[{"href":"https:\/\/www.ukracademia.com\/es\/wp-json\/wp\/v2\/media?parent=35607"}],"wp:term":[{"taxonomy":"product_brand","embeddable":true,"href":"https:\/\/www.ukracademia.com\/es\/wp-json\/wp\/v2\/product_brand?post=35607"},{"taxonomy":"product_cat","embeddable":true,"href":"https:\/\/www.ukracademia.com\/es\/wp-json\/wp\/v2\/product_cat?post=35607"},{"taxonomy":"product_tag","embeddable":true,"href":"https:\/\/www.ukracademia.com\/es\/wp-json\/wp\/v2\/product_tag?post=35607"}],"curies":[{"name":"wp","href":"https:\/\/api.w.org\/{rel}","templated":true}]}}