{"id":42772,"date":"2025-07-29T13:20:51","date_gmt":"2025-07-29T11:20:51","guid":{"rendered":"https:\/\/www.ukracademia.com\/?post_type=product&#038;p=42772"},"modified":"2025-07-29T13:22:38","modified_gmt":"2025-07-29T11:22:38","slug":"aprende-1000-palabras-en-ucraniano-diccionario-visual-interactivo-pack","status":"publish","type":"product","link":"https:\/\/www.ukracademia.com\/es\/product\/aprende-1000-palabras-en-ucraniano-diccionario-visual-interactivo-pack\/","title":{"rendered":"Aprende 1000 palabras en ucraniano: Diccionario visual interactivo (PACK ebook + papel)"},"content":{"rendered":"<div class=\"container-fluid\">\r\n  \r\n<\/div>\r\n","protected":false},"excerpt":{"rendered":"<div class=\"container-fluid\">\r\n   <div class=\"row\">\r\n      <div class=\"col-xs-12\">\r\n         <!-- este div es la descripcion para Google Shopping-->\r\n         <div hidden=\"\">\r\n            <p>Diccionario visual en ucraniano con audio y ejercicios interactivos. Aprende 1000 palabras esenciales en ucraniano.<\/p>\r\n         <\/div>\r\n         <!-- fin de la descripci\u00f3n para Google Shooping-->\r\n                 [etiquetas_producto paginas = 78]\r\n         <p>\u00bfEst\u00e1s listo para aceptar un desaf\u00edo? Compra nuestro diccionario visual con ejercicios interactivos y\r\n            <strong>dominar\u00e1s tus primeras 1000 palabras en ucraniano<\/strong>. \u00a1Descarga el ebook, obt\u00e9n acceso a nuestro\r\n            campus en l\u00ednea y comienza a aprender! Esta es una herramienta perfecta para principiantes que buscan\r\n            desarrollar su vocabulario:<\/p>\r\n         <ol>\r\n            <li>M\u00e1s de 1000 palabras con im\u00e1genes y audio profesional.<\/li>\r\n            <li>60 temas diferentes: hogar, gente, ropa, comida, trabajo,&#8230;<\/li>\r\n            <li>Descarga el libro electr\u00f3nico o lee la versi\u00f3n en l\u00ednea.<\/li>\r\n            <li>Realiza los ejercicios interactivos para aprender cada palabra.<\/li>\r\n         <\/ol>\r\n         [imagenes_tipo_libro]\r\n      <\/div>\r\n   <\/div>\r\n<\/div>","protected":false},"featured_media":36041,"comment_status":"open","ping_status":"closed","template":"","meta":[],"product_brand":[],"product_cat":[89,86,83,98],"product_tag":[],"class_list":{"0":"post-42772","1":"product","2":"type-product","3":"status-publish","4":"has-post-thumbnail","6":"product_cat-diccionarios","7":"product_cat-libros-de-ucraniano-con-audio","8":"product_cat-libros-para-aprender-ucraniano","9":"product_cat-pack_es","11":"first","12":"instock","13":"downloadable","14":"taxable","15":"shipping-taxable","16":"purchasable","17":"product-type-simple"},"yoast_head":"<!-- This site is optimized with the Yoast SEO plugin v26.0 - https:\/\/yoast.com\/wordpress\/plugins\/seo\/ -->\n<title>Aprende 1000 palabras en ucraniano: Diccionario visual interactivo (PACK ebook + papel) - UkrAcademia<\/title>\n<meta name=\"description\" content=\"1000 palabras en ucraniano. \u00a1Libro para aprender ucraniano! Libro + Audio + Curso Online 1. Compra tu libro. 2. Lee, escucha y aprende. 3. Accede al curso\" \/>\n<meta name=\"robots\" content=\"noindex, follow\" \/>\n<meta property=\"og:locale\" content=\"es_ES\" \/>\n<meta property=\"og:type\" content=\"article\" \/>\n<meta property=\"og:title\" content=\"Aprende 1000 palabras en ucraniano: Diccionario visual interactivo (PACK ebook + papel) - UkrAcademia\" \/>\n<meta property=\"og:description\" content=\"1000 palabras en ucraniano. \u00a1Libro para aprender ucraniano! Libro + Audio + Curso Online 1. Compra tu libro. 2. Lee, escucha y aprende. 3. Accede al curso\" \/>\n<meta property=\"og:url\" content=\"https:\/\/www.ukracademia.com\/es\/product\/aprende-1000-palabras-en-ucraniano-diccionario-visual-interactivo-pack\/\" \/>\n<meta property=\"og:site_name\" content=\"UkrAcademia\" \/>\n<meta property=\"article:modified_time\" content=\"2025-07-29T11:22:38+00:00\" \/>\n<meta property=\"og:image\" content=\"https:\/\/www.ukracademia.com\/wp-content\/uploads\/packproductos.jpg\" \/>\n\t<meta property=\"og:image:width\" content=\"1194\" \/>\n\t<meta property=\"og:image:height\" content=\"1194\" \/>\n\t<meta property=\"og:image:type\" content=\"image\/jpeg\" \/>\n<meta name=\"twitter:card\" content=\"summary_large_image\" \/>\n<meta name=\"twitter:label1\" content=\"Tiempo de lectura\" \/>\n\t<meta name=\"twitter:data1\" content=\"3 minutos\" \/>\n<script type=\"application\/ld+json\" class=\"yoast-schema-graph\">{\"@context\":\"https:\/\/schema.org\",\"@graph\":[{\"@type\":\"WebPage\",\"@id\":\"https:\/\/www.ukracademia.com\/es\/product\/aprende-1000-palabras-en-ucraniano-diccionario-visual-interactivo-pack\/\",\"url\":\"https:\/\/www.ukracademia.com\/es\/product\/aprende-1000-palabras-en-ucraniano-diccionario-visual-interactivo-pack\/\",\"name\":\"Aprende 1000 palabras en ucraniano: Diccionario visual interactivo (PACK ebook + papel) - UkrAcademia\",\"isPartOf\":{\"@id\":\"https:\/\/www.ukracademia.com\/es\/#website\"},\"primaryImageOfPage\":{\"@id\":\"https:\/\/www.ukracademia.com\/es\/product\/aprende-1000-palabras-en-ucraniano-diccionario-visual-interactivo-pack\/#primaryimage\"},\"image\":{\"@id\":\"https:\/\/www.ukracademia.com\/es\/product\/aprende-1000-palabras-en-ucraniano-diccionario-visual-interactivo-pack\/#primaryimage\"},\"thumbnailUrl\":\"https:\/\/www.ukracademia.com\/wp-content\/uploads\/packproductos.jpg\",\"datePublished\":\"2025-07-29T11:20:51+00:00\",\"dateModified\":\"2025-07-29T11:22:38+00:00\",\"description\":\"1000 palabras en ucraniano. \u00a1Libro para aprender ucraniano! Libro + Audio + Curso Online 1. Compra tu libro. 2. Lee, escucha y aprende. 3. Accede al curso\",\"breadcrumb\":{\"@id\":\"https:\/\/www.ukracademia.com\/es\/product\/aprende-1000-palabras-en-ucraniano-diccionario-visual-interactivo-pack\/#breadcrumb\"},\"inLanguage\":\"es\",\"potentialAction\":[{\"@type\":\"ReadAction\",\"target\":[\"https:\/\/www.ukracademia.com\/es\/product\/aprende-1000-palabras-en-ucraniano-diccionario-visual-interactivo-pack\/\"]}]},{\"@type\":\"ImageObject\",\"inLanguage\":\"es\",\"@id\":\"https:\/\/www.ukracademia.com\/es\/product\/aprende-1000-palabras-en-ucraniano-diccionario-visual-interactivo-pack\/#primaryimage\",\"url\":\"https:\/\/www.ukracademia.com\/wp-content\/uploads\/packproductos.jpg\",\"contentUrl\":\"https:\/\/www.ukracademia.com\/wp-content\/uploads\/packproductos.jpg\",\"width\":1194,\"height\":1194,\"caption\":\"Learn Ukrainian\"},{\"@type\":\"BreadcrumbList\",\"@id\":\"https:\/\/www.ukracademia.com\/es\/product\/aprende-1000-palabras-en-ucraniano-diccionario-visual-interactivo-pack\/#breadcrumb\",\"itemListElement\":[{\"@type\":\"ListItem\",\"position\":1,\"name\":\"Home\",\"item\":\"https:\/\/www.ukracademia.com\/es\/\"},{\"@type\":\"ListItem\",\"position\":2,\"name\":\"Shop\",\"item\":\"https:\/\/www.ukracademia.com\/shop\/\"},{\"@type\":\"ListItem\",\"position\":3,\"name\":\"Aprende 1000 palabras en ucraniano: Diccionario visual interactivo (PACK ebook + papel)\"}]},{\"@type\":\"WebSite\",\"@id\":\"https:\/\/www.ukracademia.com\/es\/#website\",\"url\":\"https:\/\/www.ukracademia.com\/es\/\",\"name\":\"UkrAcademia\",\"description\":\"Learn Ukrainian with us\",\"alternateName\":\"UkrAcademia Learn Ukrainian\",\"potentialAction\":[{\"@type\":\"SearchAction\",\"target\":{\"@type\":\"EntryPoint\",\"urlTemplate\":\"https:\/\/www.ukracademia.com\/es\/?s={search_term_string}\"},\"query-input\":{\"@type\":\"PropertyValueSpecification\",\"valueRequired\":true,\"valueName\":\"search_term_string\"}}],\"inLanguage\":\"es\"}]}<\/script>\n<!-- \/ Yoast SEO plugin. -->","yoast_head_json":{"title":"Aprende 1000 palabras en ucraniano: Diccionario visual interactivo (PACK ebook + papel) - UkrAcademia","description":"1000 palabras en ucraniano. \u00a1Libro para aprender ucraniano! Libro + Audio + Curso Online 1. Compra tu libro. 2. Lee, escucha y aprende. 3. Accede al curso","robots":{"index":"noindex","follow":"follow"},"og_locale":"es_ES","og_type":"article","og_title":"Aprende 1000 palabras en ucraniano: Diccionario visual interactivo (PACK ebook + papel) - UkrAcademia","og_description":"1000 palabras en ucraniano. \u00a1Libro para aprender ucraniano! Libro + Audio + Curso Online 1. Compra tu libro. 2. Lee, escucha y aprende. 3. Accede al curso","og_url":"https:\/\/www.ukracademia.com\/es\/product\/aprende-1000-palabras-en-ucraniano-diccionario-visual-interactivo-pack\/","og_site_name":"UkrAcademia","article_modified_time":"2025-07-29T11:22:38+00:00","og_image":[{"width":1194,"height":1194,"url":"https:\/\/www.ukracademia.com\/wp-content\/uploads\/packproductos.jpg","type":"image\/jpeg"}],"twitter_card":"summary_large_image","twitter_misc":{"Tiempo de lectura":"3 minutos"},"schema":{"@context":"https:\/\/schema.org","@graph":[{"@type":"WebPage","@id":"https:\/\/www.ukracademia.com\/es\/product\/aprende-1000-palabras-en-ucraniano-diccionario-visual-interactivo-pack\/","url":"https:\/\/www.ukracademia.com\/es\/product\/aprende-1000-palabras-en-ucraniano-diccionario-visual-interactivo-pack\/","name":"Aprende 1000 palabras en ucraniano: Diccionario visual interactivo (PACK ebook + papel) - UkrAcademia","isPartOf":{"@id":"https:\/\/www.ukracademia.com\/es\/#website"},"primaryImageOfPage":{"@id":"https:\/\/www.ukracademia.com\/es\/product\/aprende-1000-palabras-en-ucraniano-diccionario-visual-interactivo-pack\/#primaryimage"},"image":{"@id":"https:\/\/www.ukracademia.com\/es\/product\/aprende-1000-palabras-en-ucraniano-diccionario-visual-interactivo-pack\/#primaryimage"},"thumbnailUrl":"https:\/\/www.ukracademia.com\/wp-content\/uploads\/packproductos.jpg","datePublished":"2025-07-29T11:20:51+00:00","dateModified":"2025-07-29T11:22:38+00:00","description":"1000 palabras en ucraniano. \u00a1Libro para aprender ucraniano! Libro + Audio + Curso Online 1. Compra tu libro. 2. Lee, escucha y aprende. 3. Accede al curso","breadcrumb":{"@id":"https:\/\/www.ukracademia.com\/es\/product\/aprende-1000-palabras-en-ucraniano-diccionario-visual-interactivo-pack\/#breadcrumb"},"inLanguage":"es","potentialAction":[{"@type":"ReadAction","target":["https:\/\/www.ukracademia.com\/es\/product\/aprende-1000-palabras-en-ucraniano-diccionario-visual-interactivo-pack\/"]}]},{"@type":"ImageObject","inLanguage":"es","@id":"https:\/\/www.ukracademia.com\/es\/product\/aprende-1000-palabras-en-ucraniano-diccionario-visual-interactivo-pack\/#primaryimage","url":"https:\/\/www.ukracademia.com\/wp-content\/uploads\/packproductos.jpg","contentUrl":"https:\/\/www.ukracademia.com\/wp-content\/uploads\/packproductos.jpg","width":1194,"height":1194,"caption":"Learn Ukrainian"},{"@type":"BreadcrumbList","@id":"https:\/\/www.ukracademia.com\/es\/product\/aprende-1000-palabras-en-ucraniano-diccionario-visual-interactivo-pack\/#breadcrumb","itemListElement":[{"@type":"ListItem","position":1,"name":"Home","item":"https:\/\/www.ukracademia.com\/es\/"},{"@type":"ListItem","position":2,"name":"Shop","item":"https:\/\/www.ukracademia.com\/shop\/"},{"@type":"ListItem","position":3,"name":"Aprende 1000 palabras en ucraniano: Diccionario visual interactivo (PACK ebook + papel)"}]},{"@type":"WebSite","@id":"https:\/\/www.ukracademia.com\/es\/#website","url":"https:\/\/www.ukracademia.com\/es\/","name":"UkrAcademia","description":"Learn Ukrainian with us","alternateName":"UkrAcademia Learn Ukrainian","potentialAction":[{"@type":"SearchAction","target":{"@type":"EntryPoint","urlTemplate":"https:\/\/www.ukracademia.com\/es\/?s={search_term_string}"},"query-input":{"@type":"PropertyValueSpecification","valueRequired":true,"valueName":"search_term_string"}}],"inLanguage":"es"}]}},"jetpack_sharing_enabled":true,"_links":{"self":[{"href":"https:\/\/www.ukracademia.com\/es\/wp-json\/wp\/v2\/product\/42772","targetHints":{"allow":["GET"]}}],"collection":[{"href":"https:\/\/www.ukracademia.com\/es\/wp-json\/wp\/v2\/product"}],"about":[{"href":"https:\/\/www.ukracademia.com\/es\/wp-json\/wp\/v2\/types\/product"}],"replies":[{"embeddable":true,"href":"https:\/\/www.ukracademia.com\/es\/wp-json\/wp\/v2\/comments?post=42772"}],"wp:featuredmedia":[{"embeddable":true,"href":"https:\/\/www.ukracademia.com\/es\/wp-json\/wp\/v2\/media\/36041"}],"wp:attachment":[{"href":"https:\/\/www.ukracademia.com\/es\/wp-json\/wp\/v2\/media?parent=42772"}],"wp:term":[{"taxonomy":"product_brand","embeddable":true,"href":"https:\/\/www.ukracademia.com\/es\/wp-json\/wp\/v2\/product_brand?post=42772"},{"taxonomy":"product_cat","embeddable":true,"href":"https:\/\/www.ukracademia.com\/es\/wp-json\/wp\/v2\/product_cat?post=42772"},{"taxonomy":"product_tag","embeddable":true,"href":"https:\/\/www.ukracademia.com\/es\/wp-json\/wp\/v2\/product_tag?post=42772"}],"curies":[{"name":"wp","href":"https:\/\/api.w.org\/{rel}","templated":true}]}}